{"id":9689,"date":"2023-01-24T15:27:38","date_gmt":"2023-01-24T14:27:38","guid":{"rendered":"http:\/\/spawellnessvenlo.nl\/blog\/"},"modified":"2023-10-30T16:34:53","modified_gmt":"2023-10-30T15:34:53","slug":"blog","status":"publish","type":"page","link":"https:\/\/spawellnessvenlo.nl\/en\/blog\/","title":{"rendered":"Blog"},"content":{"rendered":"\t\t<div data-elementor-type=\"wp-page\" data-elementor-id=\"9689\" class=\"elementor elementor-9689 elementor-3304\" data-elementor-post-type=\"page\">\n\t\t\t\t\t\t<section class=\"elementor-section elementor-top-section elementor-element elementor-element-2285674 elementor-section-height-min-height elementor-section-full_width elementor-section-height-default elementor-section-items-middle\" data-id=\"2285674\" data-element_type=\"section\" data-e-type=\"section\" data-settings=\"{&quot;background_background&quot;:&quot;slideshow&quot;,&quot;background_slideshow_gallery&quot;:[{&quot;id&quot;:2113,&quot;url&quot;:&quot;http:\\\/\\\/spawellnessvenlo.nl\\\/wp-content\\\/uploads\\\/2023\\\/01\\\/Oog-Spabron-2000px.jpg&quot;},{&quot;id&quot;:2119,&quot;url&quot;:&quot;http:\\\/\\\/spawellnessvenlo.nl\\\/wp-content\\\/uploads\\\/2023\\\/01\\\/Massage-duo-vrouwen-Spabron-2000px.jpg&quot;},{&quot;id&quot;:2094,&quot;url&quot;:&quot;http:\\\/\\\/spawellnessvenlo.nl\\\/wp-content\\\/uploads\\\/2023\\\/01\\\/Gezichtsbehandeling-Spabron-2000px-2.jpg&quot;},{&quot;id&quot;:709,&quot;url&quot;:&quot;http:\\\/\\\/spawellnessvenlo.nl\\\/wp-content\\\/uploads\\\/2023\\\/01\\\/Zwembad3-1.jpg&quot;},{&quot;id&quot;:1576,&quot;url&quot;:&quot;http:\\\/\\\/spawellnessvenlo.nl\\\/wp-content\\\/uploads\\\/2023\\\/01\\\/Drenthe-2-Spabron-2000px.jpg&quot;}],&quot;motion_fx_motion_fx_scrolling&quot;:&quot;yes&quot;,&quot;background_slideshow_slide_duration&quot;:10000,&quot;background_slideshow_transition_duration&quot;:1000,&quot;background_slideshow_loop&quot;:&quot;yes&quot;,&quot;background_slideshow_slide_transition&quot;:&quot;fade&quot;,&quot;motion_fx_devices&quot;:[&quot;desktop&quot;,&quot;laptop&quot;,&quot;tablet&quot;,&quot;mobile&quot;]}\">\n\t\t\t\t\t\t\t<div class=\"elementor-background-overlay\"><\/div>\n\t\t\t\t\t\t\t<div class=\"elementor-container elementor-column-gap-default\">\n\t\t\t\t\t<div class=\"elementor-column elementor-col-100 elementor-top-column elementor-element elementor-element-932fc8e animated-slow elementor-invisible\" data-id=\"932fc8e\" data-element_type=\"column\" data-e-type=\"column\" data-settings=\"{&quot;animation&quot;:&quot;fadeIn&quot;,&quot;animation_delay&quot;:0}\">\n\t\t\t<div class=\"elementor-widget-wrap elementor-element-populated\">\n\t\t\t\t\t\t<div class=\"elementor-element elementor-element-cbcd06f uael-heading-align-center animated-slow elementor-invisible elementor-widget elementor-widget-uael-advanced-heading\" data-id=\"cbcd06f\" data-element_type=\"widget\" data-e-type=\"widget\" data-settings=\"{&quot;_animation&quot;:&quot;slideInDown&quot;}\" data-widget_type=\"uael-advanced-heading.default\">\n\t\t\t\t\t\t<div class=\"elementor-widget-container\">\n\t\t\t\t\t\n\t\t<div class=\"uael-module-content uael-heading-wrapper\">\n\t\t\t\t\t\t\n\t\t\t<h1 class=\"uael-heading\">\n\t\t\t\t\t\t\t\t\t\t<span class=\"uael-heading-text elementor-inline-editing uael-size--default\" data-elementor-setting-key=\"heading_title\" data-elementor-inline-editing-toolbar=\"basic\">Blog<\/span>\n\t\t\t\t\t\t\t<\/h1>\n\n\t\t\t\n\t\t\t\t\t\t<div class=\"uael-module-content uael-separator-parent\">\n\t\t\t\t\t\t\t\t\t\t\t\t\t<div class=\"uael-separator\"><\/div>\n\t\t\t\t\t\t\t<\/div>\n\t\t\t\n\t\t\t\n\t\t\t\t\t\t<\/div>\n\t\t\t\t\t\t<\/div>\n\t\t\t\t<\/div>\n\t\t\t\t<div class=\"elementor-element elementor-element-c287d77 animated-slow elementor-invisible elementor-widget elementor-widget-text-editor\" data-id=\"c287d77\" data-element_type=\"widget\" data-e-type=\"widget\" data-settings=\"{&quot;_animation&quot;:&quot;fadeIn&quot;,&quot;_animation_delay&quot;:800}\" data-widget_type=\"text-editor.default\">\n\t\t\t\t\t\t<div class=\"elementor-widget-container\">\n\t\t\t\t\t\t\t\t\t<p>Articles about lifestyle, wellness and Spa Wellness Venlo.  <\/p>\n\t\t\t\t\t\t\t\t<\/div>\n\t\t\t\t<\/div>\n\t\t\t\t\t<\/div>\n\t\t<\/div>\n\t\t\t\t\t<\/div>\n\t\t<\/section>\n\t\t\t\t<section class=\"elementor-section elementor-top-section elementor-element elementor-element-ed6a2b8 elementor-section-full_width elementor-reverse-tablet elementor-reverse-mobile elementor-section-height-default elementor-section-height-default\" data-id=\"ed6a2b8\" data-element_type=\"section\" data-e-type=\"section\">\n\t\t\t\t\t\t<div class=\"elementor-container elementor-column-gap-default\">\n\t\t\t\t\t<div class=\"elementor-column elementor-col-100 elementor-top-column elementor-element elementor-element-b31fae4\" data-id=\"b31fae4\" data-element_type=\"column\" data-e-type=\"column\">\n\t\t\t<div class=\"elementor-widget-wrap elementor-element-populated\">\n\t\t\t\t\t\t<div class=\"elementor-element elementor-element-025f151 elementor-view-default elementor-invisible elementor-widget elementor-widget-icon\" data-id=\"025f151\" data-element_type=\"widget\" data-e-type=\"widget\" data-settings=\"{&quot;sticky&quot;:&quot;bottom&quot;,&quot;sticky_parent&quot;:&quot;yes&quot;,&quot;_animation&quot;:&quot;fadeInUp&quot;,&quot;sticky_on&quot;:[&quot;desktop&quot;,&quot;laptop&quot;,&quot;tablet&quot;,&quot;mobile&quot;],&quot;sticky_offset&quot;:0,&quot;sticky_effects_offset&quot;:0,&quot;sticky_anchor_link_offset&quot;:0}\" data-widget_type=\"icon.default\">\n\t\t\t\t\t\t<div class=\"elementor-widget-container\">\n\t\t\t\t\t\t\t<div class=\"elementor-icon-wrapper\">\n\t\t\t<a class=\"elementor-icon elementor-animation-grow\" href=\"#pagesection\">\n\t\t\t<i aria-hidden=\"true\" class=\"fas fa-angle-down\"><\/i>\t\t\t<\/a>\n\t\t<\/div>\n\t\t\t\t\t\t<\/div>\n\t\t\t\t<\/div>\n\t\t\t\t<div class=\"elementor-element elementor-element-69ad3ac elementor-widget elementor-widget-menu-anchor\" data-id=\"69ad3ac\" data-element_type=\"widget\" data-e-type=\"widget\" data-widget_type=\"menu-anchor.default\">\n\t\t\t\t\t\t<div class=\"elementor-widget-container\">\n\t\t\t\t\t\t\t<div class=\"elementor-menu-anchor\" id=\"pagesection\"><\/div>\n\t\t\t\t\t\t<\/div>\n\t\t\t\t<\/div>\n\t\t\t\t\t<\/div>\n\t\t<\/div>\n\t\t\t\t\t<\/div>\n\t\t<\/section>\n\t\t\t\t<section class=\"elementor-section elementor-top-section elementor-element elementor-element-95c4023 elementor-section-boxed elementor-section-height-default elementor-section-height-default\" data-id=\"95c4023\" data-element_type=\"section\" data-e-type=\"section\">\n\t\t\t\t\t\t<div class=\"elementor-container elementor-column-gap-default\">\n\t\t\t\t\t<div class=\"elementor-column elementor-col-100 elementor-top-column elementor-element elementor-element-5267e6d\" data-id=\"5267e6d\" data-element_type=\"column\" data-e-type=\"column\">\n\t\t\t<div class=\"elementor-widget-wrap elementor-element-populated\">\n\t\t\t\t\t\t<div class=\"elementor-element elementor-element-d63e1d9 elementor-grid-3 elementor-grid-tablet-2 elementor-grid-mobile-1 elementor-posts--thumbnail-top elementor-posts--show-avatar elementor-card-shadow-yes elementor-posts__hover-gradient elementor-widget elementor-widget-posts\" data-id=\"d63e1d9\" data-element_type=\"widget\" data-e-type=\"widget\" data-settings=\"{&quot;pagination_type&quot;:&quot;numbers&quot;,&quot;cards_columns&quot;:&quot;3&quot;,&quot;cards_columns_tablet&quot;:&quot;2&quot;,&quot;cards_columns_mobile&quot;:&quot;1&quot;,&quot;cards_row_gap&quot;:{&quot;unit&quot;:&quot;px&quot;,&quot;size&quot;:35,&quot;sizes&quot;:[]},&quot;cards_row_gap_laptop&quot;:{&quot;unit&quot;:&quot;px&quot;,&quot;size&quot;:&quot;&quot;,&quot;sizes&quot;:[]},&quot;cards_row_gap_tablet&quot;:{&quot;unit&quot;:&quot;px&quot;,&quot;size&quot;:&quot;&quot;,&quot;sizes&quot;:[]},&quot;cards_row_gap_mobile&quot;:{&quot;unit&quot;:&quot;px&quot;,&quot;size&quot;:&quot;&quot;,&quot;sizes&quot;:[]}}\" data-widget_type=\"posts.cards\">\n\t\t\t\t\t\t<div class=\"elementor-widget-container\">\n\t\t\t\t\t\t\t<div class=\"elementor-posts-container elementor-posts elementor-posts--skin-cards elementor-grid\" role=\"list\">\n\t\t\t\t<article class=\"elementor-post elementor-grid-item post-8575 post type-post status-publish format-standard has-post-thumbnail hentry category-info-en\" role=\"listitem\">\n\t\t\t<div class=\"elementor-post__card\">\n\t\t\t\t<a class=\"elementor-post__thumbnail__link\" href=\"https:\/\/spawellnessvenlo.nl\/en\/beauty-summer-blog\/\" tabindex=\"-1\"><div class=\"elementor-post__thumbnail\"><img fetchpriority=\"high\" decoding=\"async\" width=\"300\" height=\"300\" src=\"https:\/\/spawellnessvenlo.nl\/wp-content\/uploads\/2023\/06\/processed-3d8abbd6-c29d-41c7-b1b4-0a566e408279_ScmYqbVF-300x300.jpeg\" class=\"attachment-medium size-medium wp-image-8572\" alt=\"\" srcset=\"https:\/\/spawellnessvenlo.nl\/wp-content\/uploads\/2023\/06\/processed-3d8abbd6-c29d-41c7-b1b4-0a566e408279_ScmYqbVF-300x300.jpeg 300w, https:\/\/spawellnessvenlo.nl\/wp-content\/uploads\/2023\/06\/processed-3d8abbd6-c29d-41c7-b1b4-0a566e408279_ScmYqbVF-150x150.jpeg 150w, https:\/\/spawellnessvenlo.nl\/wp-content\/uploads\/2023\/06\/processed-3d8abbd6-c29d-41c7-b1b4-0a566e408279_ScmYqbVF-768x767.jpeg 768w, https:\/\/spawellnessvenlo.nl\/wp-content\/uploads\/2023\/06\/processed-3d8abbd6-c29d-41c7-b1b4-0a566e408279_ScmYqbVF.jpeg 981w\" sizes=\"(max-width: 300px) 100vw, 300px\" \/><\/div><\/a>\n\t\t\t\t<div class=\"elementor-post__badge\">Info<\/div>\n\t\t\t\t<div class=\"elementor-post__avatar\">\n\t\t\t\t\t<\/div>\n\t\t\t\t<div class=\"elementor-post__text\">\n\t\t\t\t<h3 class=\"elementor-post__title\">\n\t\t\t<a href=\"https:\/\/spawellnessvenlo.nl\/en\/beauty-summer-blog\/\">\n\t\t\t\tBeauty Summer blog\t\t\t<\/a>\n\t\t<\/h3>\n\t\t\t\t<div class=\"elementor-post__excerpt\">\n\t\t\t<p>It&#8217;s summer! That means your skin could use an extra vitamin boost! Did you know that Some ingredients have remarkable, positive effects on our skin?<\/p>\n\t\t<\/div>\n\t\t\t\t\t<div class=\"elementor-post__read-more-wrapper\">\n\t\t\n\t\t<a class=\"elementor-post__read-more\" href=\"https:\/\/spawellnessvenlo.nl\/en\/beauty-summer-blog\/\" aria-label=\"Read more about Beauty Summer blog\" tabindex=\"-1\">\n\t\t\tRead more \"\t\t<\/a>\n\n\t\t\t\t\t<\/div>\n\t\t\t\t<\/div>\n\t\t\t\t\t<\/div>\n\t\t<\/article>\n\t\t\t\t<article class=\"elementor-post elementor-grid-item post-8039 post type-post status-publish format-standard hentry category-geen-onderdeel-van-een-categorie\" role=\"listitem\">\n\t\t\t<div class=\"elementor-post__card\">\n\t\t\t\t<div class=\"elementor-post__text\">\n\t\t\t\t<h3 class=\"elementor-post__title\">\n\t\t\t<a href=\"https:\/\/spawellnessvenlo.nl\/en\/rausch-das-ultimative-sauna-ritual\/\">\n\t\t\t\tAufguss: das ultimative Sauna-Ritual\t\t\t<\/a>\n\t\t<\/h3>\n\t\t\t\t<div class=\"elementor-post__excerpt\">\n\t\t\t<p>Der Aufguss, L\u00f6yly, ascension&#8230;. Sie alle sind Titel f\u00fcr das Saunaritual, das f\u00fcr viele Saunafans auch das i-T\u00fcpfelchen des gesamten Saunabesuchs ist! Das Wort &#8220;aufsch\u00fctten&#8221;<\/p>\n\t\t<\/div>\n\t\t\t\t\t<div class=\"elementor-post__read-more-wrapper\">\n\t\t\n\t\t<a class=\"elementor-post__read-more\" href=\"https:\/\/spawellnessvenlo.nl\/en\/rausch-das-ultimative-sauna-ritual\/\" aria-label=\"Read more about Aufguss: das ultimative Sauna-Ritual\" tabindex=\"-1\">\n\t\t\tRead more \"\t\t<\/a>\n\n\t\t\t\t\t<\/div>\n\t\t\t\t<\/div>\n\t\t\t\t\t<\/div>\n\t\t<\/article>\n\t\t\t\t<article class=\"elementor-post elementor-grid-item post-4846 post type-post status-publish format-standard has-post-thumbnail hentry category-info-en\" role=\"listitem\">\n\t\t\t<div class=\"elementor-post__card\">\n\t\t\t\t<a class=\"elementor-post__thumbnail__link\" href=\"https:\/\/spawellnessvenlo.nl\/en\/intoxication-the-ultimate-sauna-ritual\/\" tabindex=\"-1\"><div class=\"elementor-post__thumbnail\"><img decoding=\"async\" width=\"300\" height=\"200\" src=\"https:\/\/spawellnessvenlo.nl\/wp-content\/uploads\/2023\/02\/opgietsauna-e1529571110320-300x200.jpg\" class=\"attachment-medium size-medium wp-image-5861\" alt=\"\" srcset=\"https:\/\/spawellnessvenlo.nl\/wp-content\/uploads\/2023\/02\/opgietsauna-e1529571110320-300x200.jpg 300w, https:\/\/spawellnessvenlo.nl\/wp-content\/uploads\/2023\/02\/opgietsauna-e1529571110320.jpg 500w\" sizes=\"(max-width: 300px) 100vw, 300px\" \/><\/div><\/a>\n\t\t\t\t<div class=\"elementor-post__badge\">Info<\/div>\n\t\t\t\t<div class=\"elementor-post__avatar\">\n\t\t\t\t\t<\/div>\n\t\t\t\t<div class=\"elementor-post__text\">\n\t\t\t\t<h3 class=\"elementor-post__title\">\n\t\t\t<a href=\"https:\/\/spawellnessvenlo.nl\/en\/intoxication-the-ultimate-sauna-ritual\/\">\n\t\t\t\tInfusion: the ultimate sauna ritual\t\t\t<\/a>\n\t\t<\/h3>\n\t\t\t\t<div class=\"elementor-post__excerpt\">\n\t\t\t<p>The Aufguss, L\u00f6yly, ascension&#8230; They are all titles for the sauna ritual, which for many sauna fans is also the icing on the cake of<\/p>\n\t\t<\/div>\n\t\t\t\t\t<div class=\"elementor-post__read-more-wrapper\">\n\t\t\n\t\t<a class=\"elementor-post__read-more\" href=\"https:\/\/spawellnessvenlo.nl\/en\/intoxication-the-ultimate-sauna-ritual\/\" aria-label=\"Read more about Infusion: the ultimate sauna ritual\" tabindex=\"-1\">\n\t\t\tRead more \"\t\t<\/a>\n\n\t\t\t\t\t<\/div>\n\t\t\t\t<\/div>\n\t\t\t\t\t<\/div>\n\t\t<\/article>\n\t\t\t\t<article class=\"elementor-post elementor-grid-item post-4842 post type-post status-publish format-standard has-post-thumbnail hentry category-info-en\" role=\"listitem\">\n\t\t\t<div class=\"elementor-post__card\">\n\t\t\t\t<a class=\"elementor-post__thumbnail__link\" href=\"https:\/\/spawellnessvenlo.nl\/en\/get-rid-of-stress-through-a-day-in-the-sauna\/\" tabindex=\"-1\"><div class=\"elementor-post__thumbnail\"><img decoding=\"async\" width=\"300\" height=\"137\" src=\"https:\/\/spawellnessvenlo.nl\/wp-content\/uploads\/2023\/02\/Zwemmen-Spa-Wellness-Venlo-1-300x137.jpg\" class=\"attachment-medium size-medium wp-image-6142\" alt=\"\" srcset=\"https:\/\/spawellnessvenlo.nl\/wp-content\/uploads\/2023\/02\/Zwemmen-Spa-Wellness-Venlo-1-300x137.jpg 300w, https:\/\/spawellnessvenlo.nl\/wp-content\/uploads\/2023\/02\/Zwemmen-Spa-Wellness-Venlo-1-768x350.jpg 768w, https:\/\/spawellnessvenlo.nl\/wp-content\/uploads\/2023\/02\/Zwemmen-Spa-Wellness-Venlo-1.jpg 1024w\" sizes=\"(max-width: 300px) 100vw, 300px\" \/><\/div><\/a>\n\t\t\t\t<div class=\"elementor-post__badge\">Info<\/div>\n\t\t\t\t<div class=\"elementor-post__avatar\">\n\t\t\t\t\t<\/div>\n\t\t\t\t<div class=\"elementor-post__text\">\n\t\t\t\t<h3 class=\"elementor-post__title\">\n\t\t\t<a href=\"https:\/\/spawellnessvenlo.nl\/en\/get-rid-of-stress-through-a-day-in-the-sauna\/\">\n\t\t\t\tGet rid of stress through a day in the sauna!\t\t\t<\/a>\n\t\t<\/h3>\n\t\t\t\t<div class=\"elementor-post__excerpt\">\n\t\t\t<p>Modern, busy life has a lot of impact on our stress levels. And we all know that stress is bad for us. But then why<\/p>\n\t\t<\/div>\n\t\t\t\t\t<div class=\"elementor-post__read-more-wrapper\">\n\t\t\n\t\t<a class=\"elementor-post__read-more\" href=\"https:\/\/spawellnessvenlo.nl\/en\/get-rid-of-stress-through-a-day-in-the-sauna\/\" aria-label=\"Read more about Get rid of stress through a day in the sauna!\" tabindex=\"-1\">\n\t\t\tRead more \"\t\t<\/a>\n\n\t\t\t\t\t<\/div>\n\t\t\t\t<\/div>\n\t\t\t\t\t<\/div>\n\t\t<\/article>\n\t\t\t\t<article class=\"elementor-post elementor-grid-item post-4838 post type-post status-publish format-standard has-post-thumbnail hentry category-info-en\" role=\"listitem\">\n\t\t\t<div class=\"elementor-post__card\">\n\t\t\t\t<a class=\"elementor-post__thumbnail__link\" href=\"https:\/\/spawellnessvenlo.nl\/en\/the-power-of-ayurveda-massage\/\" tabindex=\"-1\"><div class=\"elementor-post__thumbnail\"><img loading=\"lazy\" decoding=\"async\" width=\"300\" height=\"200\" src=\"https:\/\/spawellnessvenlo.nl\/wp-content\/uploads\/2023\/01\/Ayurveda-Spabron-2000px-300x200.jpg\" class=\"attachment-medium size-medium wp-image-4160\" alt=\"\" srcset=\"https:\/\/spawellnessvenlo.nl\/wp-content\/uploads\/2023\/01\/Ayurveda-Spabron-2000px-300x200.jpg 300w, https:\/\/spawellnessvenlo.nl\/wp-content\/uploads\/2023\/01\/Ayurveda-Spabron-2000px-768x512.jpg 768w, https:\/\/spawellnessvenlo.nl\/wp-content\/uploads\/2023\/01\/Ayurveda-Spabron-2000px.jpg 1024w\" sizes=\"(max-width: 300px) 100vw, 300px\" \/><\/div><\/a>\n\t\t\t\t<div class=\"elementor-post__badge\">Info<\/div>\n\t\t\t\t<div class=\"elementor-post__avatar\">\n\t\t\t\t\t<\/div>\n\t\t\t\t<div class=\"elementor-post__text\">\n\t\t\t\t<h3 class=\"elementor-post__title\">\n\t\t\t<a href=\"https:\/\/spawellnessvenlo.nl\/en\/the-power-of-ayurveda-massage\/\">\n\t\t\t\tThe power of Ayurveda massage\t\t\t<\/a>\n\t\t<\/h3>\n\t\t\t\t<div class=\"elementor-post__excerpt\">\n\t\t\t<p>The ayur-what? Right, the ayurveda massage! A wonderful relaxing full-body massage lasting 60 minutes. In this blog, we tell you all about this massage! Ayurveda<\/p>\n\t\t<\/div>\n\t\t\t\t\t<div class=\"elementor-post__read-more-wrapper\">\n\t\t\n\t\t<a class=\"elementor-post__read-more\" href=\"https:\/\/spawellnessvenlo.nl\/en\/the-power-of-ayurveda-massage\/\" aria-label=\"Read more about The power of Ayurveda massage\" tabindex=\"-1\">\n\t\t\tRead more \"\t\t<\/a>\n\n\t\t\t\t\t<\/div>\n\t\t\t\t<\/div>\n\t\t\t\t\t<\/div>\n\t\t<\/article>\n\t\t\t\t<article class=\"elementor-post elementor-grid-item post-4830 post type-post status-publish format-standard has-post-thumbnail hentry category-info-en\" role=\"listitem\">\n\t\t\t<div class=\"elementor-post__card\">\n\t\t\t\t<a class=\"elementor-post__thumbnail__link\" href=\"https:\/\/spawellnessvenlo.nl\/en\/the-sauna-ritual\/\" tabindex=\"-1\"><div class=\"elementor-post__thumbnail\"><img loading=\"lazy\" decoding=\"async\" width=\"300\" height=\"200\" src=\"https:\/\/spawellnessvenlo.nl\/wp-content\/uploads\/2023\/01\/Sauna-Spabron-IPL-300x200.jpg\" class=\"attachment-medium size-medium wp-image-4444\" alt=\"\" srcset=\"https:\/\/spawellnessvenlo.nl\/wp-content\/uploads\/2023\/01\/Sauna-Spabron-IPL-300x200.jpg 300w, https:\/\/spawellnessvenlo.nl\/wp-content\/uploads\/2023\/01\/Sauna-Spabron-IPL-768x512.jpg 768w, https:\/\/spawellnessvenlo.nl\/wp-content\/uploads\/2023\/01\/Sauna-Spabron-IPL.jpg 1024w\" sizes=\"(max-width: 300px) 100vw, 300px\" \/><\/div><\/a>\n\t\t\t\t<div class=\"elementor-post__badge\">Info<\/div>\n\t\t\t\t<div class=\"elementor-post__avatar\">\n\t\t\t\t\t<\/div>\n\t\t\t\t<div class=\"elementor-post__text\">\n\t\t\t\t<h3 class=\"elementor-post__title\">\n\t\t\t<a href=\"https:\/\/spawellnessvenlo.nl\/en\/the-sauna-ritual\/\">\n\t\t\t\tThe sauna ritual\t\t\t<\/a>\n\t\t<\/h3>\n\t\t\t\t<div class=\"elementor-post__excerpt\">\n\t\t\t<p>The sauna ritual or sauna passage is the way the sauna and sauna facilities are used. There is not necessarily a right order, and everyone<\/p>\n\t\t<\/div>\n\t\t\t\t\t<div class=\"elementor-post__read-more-wrapper\">\n\t\t\n\t\t<a class=\"elementor-post__read-more\" href=\"https:\/\/spawellnessvenlo.nl\/en\/the-sauna-ritual\/\" aria-label=\"Read more about The sauna ritual\" tabindex=\"-1\">\n\t\t\tRead more \"\t\t<\/a>\n\n\t\t\t\t\t<\/div>\n\t\t\t\t<\/div>\n\t\t\t\t\t<\/div>\n\t\t<\/article>\n\t\t\t\t<article class=\"elementor-post elementor-grid-item post-4732 post type-post status-publish format-standard has-post-thumbnail hentry category-info-en\" role=\"listitem\">\n\t\t\t<div class=\"elementor-post__card\">\n\t\t\t\t<a class=\"elementor-post__thumbnail__link\" href=\"https:\/\/spawellnessvenlo.nl\/en\/the-wellness-hotel-spabron\/\" tabindex=\"-1\"><div class=\"elementor-post__thumbnail\"><img loading=\"lazy\" decoding=\"async\" width=\"300\" height=\"225\" src=\"https:\/\/spawellnessvenlo.nl\/wp-content\/uploads\/2023\/01\/Hotel_-Spabron22-Spabron-2000px-300x225.jpg\" class=\"attachment-medium size-medium wp-image-4374\" alt=\"\" srcset=\"https:\/\/spawellnessvenlo.nl\/wp-content\/uploads\/2023\/01\/Hotel_-Spabron22-Spabron-2000px-300x225.jpg 300w, https:\/\/spawellnessvenlo.nl\/wp-content\/uploads\/2023\/01\/Hotel_-Spabron22-Spabron-2000px-1024x768.jpg 1024w, https:\/\/spawellnessvenlo.nl\/wp-content\/uploads\/2023\/01\/Hotel_-Spabron22-Spabron-2000px-768x576.jpg 768w, https:\/\/spawellnessvenlo.nl\/wp-content\/uploads\/2023\/01\/Hotel_-Spabron22-Spabron-2000px.jpg 1500w\" sizes=\"(max-width: 300px) 100vw, 300px\" \/><\/div><\/a>\n\t\t\t\t<div class=\"elementor-post__badge\">Info<\/div>\n\t\t\t\t<div class=\"elementor-post__avatar\">\n\t\t\t\t\t<\/div>\n\t\t\t\t<div class=\"elementor-post__text\">\n\t\t\t\t<h3 class=\"elementor-post__title\">\n\t\t\t<a href=\"https:\/\/spawellnessvenlo.nl\/en\/the-wellness-hotel-spabron\/\">\n\t\t\t\tThe wellness hotel Spabron\t\t\t<\/a>\n\t\t<\/h3>\n\t\t\t\t<div class=\"elementor-post__excerpt\">\n\t\t\t<p>The wellness hotel of Spabron &#8211; Now with extra fine hotel rooms \ud83c\udf40 Walking from the spa to your hotel room in a bathrobe? You<\/p>\n\t\t<\/div>\n\t\t\t\t\t<div class=\"elementor-post__read-more-wrapper\">\n\t\t\n\t\t<a class=\"elementor-post__read-more\" href=\"https:\/\/spawellnessvenlo.nl\/en\/the-wellness-hotel-spabron\/\" aria-label=\"Read more about The wellness hotel Spabron\" tabindex=\"-1\">\n\t\t\tRead more \"\t\t<\/a>\n\n\t\t\t\t\t<\/div>\n\t\t\t\t<\/div>\n\t\t\t\t\t<\/div>\n\t\t<\/article>\n\t\t\t\t<article class=\"elementor-post elementor-grid-item post-4719 post type-post status-publish format-standard has-post-thumbnail hentry category-info-en\" role=\"listitem\">\n\t\t\t<div class=\"elementor-post__card\">\n\t\t\t\t<a class=\"elementor-post__thumbnail__link\" href=\"https:\/\/spawellnessvenlo.nl\/en\/why-no-swimwear-in-the-sauna\/\" tabindex=\"-1\"><div class=\"elementor-post__thumbnail\"><img loading=\"lazy\" decoding=\"async\" width=\"300\" height=\"171\" src=\"https:\/\/spawellnessvenlo.nl\/wp-content\/uploads\/2023\/01\/Geen-Badkleding-in-sauna-spabron-950x540-1-300x171.jpg\" class=\"attachment-medium size-medium wp-image-4406\" alt=\"\" srcset=\"https:\/\/spawellnessvenlo.nl\/wp-content\/uploads\/2023\/01\/Geen-Badkleding-in-sauna-spabron-950x540-1-300x171.jpg 300w, https:\/\/spawellnessvenlo.nl\/wp-content\/uploads\/2023\/01\/Geen-Badkleding-in-sauna-spabron-950x540-1-768x437.jpg 768w, https:\/\/spawellnessvenlo.nl\/wp-content\/uploads\/2023\/01\/Geen-Badkleding-in-sauna-spabron-950x540-1.jpg 950w\" sizes=\"(max-width: 300px) 100vw, 300px\" \/><\/div><\/a>\n\t\t\t\t<div class=\"elementor-post__badge\">Info<\/div>\n\t\t\t\t<div class=\"elementor-post__avatar\">\n\t\t\t\t\t<\/div>\n\t\t\t\t<div class=\"elementor-post__text\">\n\t\t\t\t<h3 class=\"elementor-post__title\">\n\t\t\t<a href=\"https:\/\/spawellnessvenlo.nl\/en\/why-no-swimwear-in-the-sauna\/\">\n\t\t\t\tWhy no swimwear in the sauna?\t\t\t<\/a>\n\t\t<\/h3>\n\t\t\t\t<div class=\"elementor-post__excerpt\">\n\t\t\t<p>Bathing attire is not allowed at Spa Wellness Venlo.When you wear swimwear in a sauna, your body cannot cool down properly, the sweat cannot leave<\/p>\n\t\t<\/div>\n\t\t\t\t\t<div class=\"elementor-post__read-more-wrapper\">\n\t\t\n\t\t<a class=\"elementor-post__read-more\" href=\"https:\/\/spawellnessvenlo.nl\/en\/why-no-swimwear-in-the-sauna\/\" aria-label=\"Read more about Why no swimwear in the sauna?\" tabindex=\"-1\">\n\t\t\tRead more \"\t\t<\/a>\n\n\t\t\t\t\t<\/div>\n\t\t\t\t<\/div>\n\t\t\t\t\t<\/div>\n\t\t<\/article>\n\t\t\t\t<article class=\"elementor-post elementor-grid-item post-4746 post type-post status-publish format-standard has-post-thumbnail hentry category-info-en\" role=\"listitem\">\n\t\t\t<div class=\"elementor-post__card\">\n\t\t\t\t<a class=\"elementor-post__thumbnail__link\" href=\"https:\/\/spawellnessvenlo.nl\/en\/why-sauna-is-healthy-scientifically-substantiated\/\" tabindex=\"-1\"><div class=\"elementor-post__thumbnail\"><img loading=\"lazy\" decoding=\"async\" width=\"300\" height=\"200\" src=\"https:\/\/spawellnessvenlo.nl\/wp-content\/uploads\/2023\/02\/Spa-Wellness-Venlo-Japanese-Style-10-300x200.jpg\" class=\"attachment-medium size-medium wp-image-6197\" alt=\"\" srcset=\"https:\/\/spawellnessvenlo.nl\/wp-content\/uploads\/2023\/02\/Spa-Wellness-Venlo-Japanese-Style-10-300x200.jpg 300w, https:\/\/spawellnessvenlo.nl\/wp-content\/uploads\/2023\/02\/Spa-Wellness-Venlo-Japanese-Style-10-1024x682.jpg 1024w, https:\/\/spawellnessvenlo.nl\/wp-content\/uploads\/2023\/02\/Spa-Wellness-Venlo-Japanese-Style-10-768x512.jpg 768w, https:\/\/spawellnessvenlo.nl\/wp-content\/uploads\/2023\/02\/Spa-Wellness-Venlo-Japanese-Style-10-1536x1024.jpg 1536w, https:\/\/spawellnessvenlo.nl\/wp-content\/uploads\/2023\/02\/Spa-Wellness-Venlo-Japanese-Style-10.jpg 2000w\" sizes=\"(max-width: 300px) 100vw, 300px\" \/><\/div><\/a>\n\t\t\t\t<div class=\"elementor-post__badge\">Info<\/div>\n\t\t\t\t<div class=\"elementor-post__avatar\">\n\t\t\t\t\t<\/div>\n\t\t\t\t<div class=\"elementor-post__text\">\n\t\t\t\t<h3 class=\"elementor-post__title\">\n\t\t\t<a href=\"https:\/\/spawellnessvenlo.nl\/en\/why-sauna-is-healthy-scientifically-substantiated\/\">\n\t\t\t\tWhy sauna is healthy (scientifically substantiated)\t\t\t<\/a>\n\t\t<\/h3>\n\t\t\t\t<div class=\"elementor-post__excerpt\">\n\t\t\t<p>A visit to the sauna is wonderfully relaxing and has been proven to contribute to your physical and mental health. Visiting the sauna is relaxing,<\/p>\n\t\t<\/div>\n\t\t\t\t\t<div class=\"elementor-post__read-more-wrapper\">\n\t\t\n\t\t<a class=\"elementor-post__read-more\" href=\"https:\/\/spawellnessvenlo.nl\/en\/why-sauna-is-healthy-scientifically-substantiated\/\" aria-label=\"Read more about Why sauna is healthy (scientifically substantiated)\" tabindex=\"-1\">\n\t\t\tRead more \"\t\t<\/a>\n\n\t\t\t\t\t<\/div>\n\t\t\t\t<\/div>\n\t\t\t\t\t<\/div>\n\t\t<\/article>\n\t\t\t\t<\/div>\n\t\t\n\t\t\t\t\t\t<\/div>\n\t\t\t\t<\/div>\n\t\t\t\t\t<\/div>\n\t\t<\/div>\n\t\t\t\t\t<\/div>\n\t\t<\/section>\n\t\t\t\t<\/div>\n\t\t","protected":false},"excerpt":{"rendered":"<p>Blog Articles about lifestyle, wellness and Spa Wellness Venlo.<\/p>\n","protected":false},"author":2,"featured_media":4332,"parent":0,"menu_order":0,"comment_status":"closed","ping_status":"closed","template":"","meta":{"footnotes":""},"class_list":["post-9689","page","type-page","status-publish","has-post-thumbnail","hentry"],"_links":{"self":[{"href":"https:\/\/spawellnessvenlo.nl\/en\/wp-json\/wp\/v2\/pages\/9689","targetHints":{"allow":["GET"]}}],"collection":[{"href":"https:\/\/spawellnessvenlo.nl\/en\/wp-json\/wp\/v2\/pages"}],"about":[{"href":"https:\/\/spawellnessvenlo.nl\/en\/wp-json\/wp\/v2\/types\/page"}],"author":[{"embeddable":true,"href":"https:\/\/spawellnessvenlo.nl\/en\/wp-json\/wp\/v2\/users\/2"}],"replies":[{"embeddable":true,"href":"https:\/\/spawellnessvenlo.nl\/en\/wp-json\/wp\/v2\/comments?post=9689"}],"version-history":[{"count":1,"href":"https:\/\/spawellnessvenlo.nl\/en\/wp-json\/wp\/v2\/pages\/9689\/revisions"}],"predecessor-version":[{"id":9691,"href":"https:\/\/spawellnessvenlo.nl\/en\/wp-json\/wp\/v2\/pages\/9689\/revisions\/9691"}],"wp:featuredmedia":[{"embeddable":true,"href":"https:\/\/spawellnessvenlo.nl\/en\/wp-json\/wp\/v2\/media\/4332"}],"wp:attachment":[{"href":"https:\/\/spawellnessvenlo.nl\/en\/wp-json\/wp\/v2\/media?parent=9689"}],"curies":[{"name":"wp","href":"https:\/\/api.w.org\/{rel}","templated":true}]}}