{"id":7950,"date":"2023-02-11T11:22:12","date_gmt":"2023-02-11T10:22:12","guid":{"rendered":"http:\/\/spawellnessvenlo.nl\/halotherapie\/"},"modified":"2023-10-23T15:59:45","modified_gmt":"2023-10-23T13:59:45","slug":"halotherapie","status":"publish","type":"page","link":"https:\/\/spawellnessvenlo.nl\/de\/halotherapie\/","title":{"rendered":"Halotherapie"},"content":{"rendered":"\t\t<div data-elementor-type=\"wp-page\" data-elementor-id=\"7950\" class=\"elementor elementor-7950 elementor-6416\" data-elementor-post-type=\"page\">\n\t\t\t\t\t\t<section class=\"elementor-section elementor-top-section elementor-element elementor-element-3b2589e elementor-section-height-min-height elementor-section-full_width elementor-section-height-default elementor-section-items-middle\" data-id=\"3b2589e\" data-element_type=\"section\" data-e-type=\"section\" data-settings=\"{&quot;background_background&quot;:&quot;slideshow&quot;,&quot;background_slideshow_gallery&quot;:[{&quot;id&quot;:6417,&quot;url&quot;:&quot;http:\\\/\\\/spawellnessvenlo.nl\\\/wp-content\\\/uploads\\\/2023\\\/02\\\/Halotherapie-zout-576x576-1.jpg&quot;}],&quot;motion_fx_motion_fx_scrolling&quot;:&quot;yes&quot;,&quot;background_slideshow_loop&quot;:&quot;yes&quot;,&quot;background_slideshow_slide_duration&quot;:5000,&quot;background_slideshow_slide_transition&quot;:&quot;fade&quot;,&quot;background_slideshow_transition_duration&quot;:500,&quot;motion_fx_devices&quot;:[&quot;desktop&quot;,&quot;laptop&quot;,&quot;tablet&quot;,&quot;mobile&quot;]}\">\n\t\t\t\t\t\t\t<div class=\"elementor-background-overlay\"><\/div>\n\t\t\t\t\t\t\t<div class=\"elementor-container elementor-column-gap-default\">\n\t\t\t\t\t<div class=\"elementor-column elementor-col-100 elementor-top-column elementor-element elementor-element-21b8376 animated-slow elementor-invisible\" data-id=\"21b8376\" data-element_type=\"column\" data-e-type=\"column\" data-settings=\"{&quot;animation&quot;:&quot;fadeIn&quot;,&quot;animation_delay&quot;:0}\">\n\t\t\t<div class=\"elementor-widget-wrap elementor-element-populated\">\n\t\t\t\t\t\t<div class=\"elementor-element elementor-element-f29f1c3 uael-heading-align-center animated-slow elementor-invisible elementor-widget elementor-widget-uael-advanced-heading\" data-id=\"f29f1c3\" data-element_type=\"widget\" data-e-type=\"widget\" data-settings=\"{&quot;_animation&quot;:&quot;slideInDown&quot;}\" data-widget_type=\"uael-advanced-heading.default\">\n\t\t\t\t\t\t<div class=\"elementor-widget-container\">\n\t\t\t\t\t\n\t\t<div class=\"uael-module-content uael-heading-wrapper\">\n\t\t\t\t\t\t\n\t\t\t<h1 class=\"uael-heading\">\n\t\t\t\t\t\t\t\t\t\t<span class=\"uael-heading-text elementor-inline-editing uael-size--default\" data-elementor-setting-key=\"heading_title\" data-elementor-inline-editing-toolbar=\"basic\">Halo-Therapie<\/span>\n\t\t\t\t\t\t\t<\/h1>\n\n\t\t\t\n\t\t\t\t\t\t<div class=\"uael-module-content uael-separator-parent\">\n\t\t\t\t\t\t\t\t\t\t\t\t\t<div class=\"uael-separator\"><\/div>\n\t\t\t\t\t\t\t<\/div>\n\t\t\t\n\t\t\t\n\t\t\t\t\t\t<\/div>\n\t\t\t\t\t\t<\/div>\n\t\t\t\t<\/div>\n\t\t\t\t<div class=\"elementor-element elementor-element-4368461 animated-slow elementor-invisible elementor-widget elementor-widget-text-editor\" data-id=\"4368461\" data-element_type=\"widget\" data-e-type=\"widget\" data-settings=\"{&quot;_animation&quot;:&quot;fadeIn&quot;,&quot;_animation_delay&quot;:800}\" data-widget_type=\"text-editor.default\">\n\t\t\t\t\t\t<div class=\"elementor-widget-container\">\n\t\t\t\t\t\t\t\t\t<p>Regelm\u00e4\u00dfiges Einatmen von salzhaltiger Luft hat positive Auswirkungen auf die Gesundheit.<\/p>\n\t\t\t\t\t\t\t\t<\/div>\n\t\t\t\t<\/div>\n\t\t\t\t\t<\/div>\n\t\t<\/div>\n\t\t\t\t\t<\/div>\n\t\t<\/section>\n\t\t\t\t<section class=\"elementor-section elementor-top-section elementor-element elementor-element-bd32885 elementor-section-full_width elementor-section-height-default elementor-section-height-default\" data-id=\"bd32885\" data-element_type=\"section\" data-e-type=\"section\">\n\t\t\t\t\t\t<div class=\"elementor-container elementor-column-gap-default\">\n\t\t\t\t\t<div class=\"elementor-column elementor-col-100 elementor-top-column elementor-element elementor-element-77cf95c\" data-id=\"77cf95c\" data-element_type=\"column\" data-e-type=\"column\">\n\t\t\t<div class=\"elementor-widget-wrap elementor-element-populated\">\n\t\t\t\t\t\t<div class=\"elementor-element elementor-element-3061fdc elementor-view-default elementor-invisible elementor-widget elementor-widget-icon\" data-id=\"3061fdc\" data-element_type=\"widget\" data-e-type=\"widget\" data-settings=\"{&quot;sticky&quot;:&quot;bottom&quot;,&quot;sticky_parent&quot;:&quot;yes&quot;,&quot;_animation&quot;:&quot;fadeInUp&quot;,&quot;sticky_on&quot;:[&quot;desktop&quot;,&quot;laptop&quot;,&quot;tablet&quot;,&quot;mobile&quot;],&quot;sticky_offset&quot;:0,&quot;sticky_effects_offset&quot;:0,&quot;sticky_anchor_link_offset&quot;:0}\" data-widget_type=\"icon.default\">\n\t\t\t\t\t\t<div class=\"elementor-widget-container\">\n\t\t\t\t\t\t\t<div class=\"elementor-icon-wrapper\">\n\t\t\t<a class=\"elementor-icon elementor-animation-grow\" href=\"#Seitenabschnitt\">\n\t\t\t<i aria-hidden=\"true\" class=\"fas fa-angle-down\"><\/i>\t\t\t<\/a>\n\t\t<\/div>\n\t\t\t\t\t\t<\/div>\n\t\t\t\t<\/div>\n\t\t\t\t<div class=\"elementor-element elementor-element-e569487 elementor-widget elementor-widget-menu-anchor\" data-id=\"e569487\" data-element_type=\"widget\" data-e-type=\"widget\" data-widget_type=\"menu-anchor.default\">\n\t\t\t\t\t\t<div class=\"elementor-widget-container\">\n\t\t\t\t\t\t\t<div class=\"elementor-menu-anchor\" id=\"Seitenabschnitt\"><\/div>\n\t\t\t\t\t\t<\/div>\n\t\t\t\t<\/div>\n\t\t\t\t\t<\/div>\n\t\t<\/div>\n\t\t\t\t\t<\/div>\n\t\t<\/section>\n\t\t\t\t<section class=\"elementor-section elementor-top-section elementor-element elementor-element-e8b5971 elementor-section-boxed elementor-section-height-default elementor-section-height-default\" data-id=\"e8b5971\" data-element_type=\"section\" data-e-type=\"section\">\n\t\t\t\t\t\t<div class=\"elementor-container elementor-column-gap-no\">\n\t\t\t\t\t<div class=\"elementor-column elementor-col-100 elementor-top-column elementor-element elementor-element-21ec0b3\" data-id=\"21ec0b3\" data-element_type=\"column\" data-e-type=\"column\">\n\t\t\t<div class=\"elementor-widget-wrap elementor-element-populated\">\n\t\t\t\t\t\t<div class=\"elementor-element elementor-element-87baeed elementor-invisible elementor-widget elementor-widget-heading\" data-id=\"87baeed\" data-element_type=\"widget\" data-e-type=\"widget\" data-settings=\"{&quot;_animation&quot;:&quot;fadeInUp&quot;}\" data-widget_type=\"heading.default\">\n\t\t\t\t\t\t<div class=\"elementor-widget-container\">\n\t\t\t\t\t<h2 class=\"elementor-heading-title elementor-size-default\">Halo-Therapie<\/h2>\t\t\t\t<\/div>\n\t\t\t\t<\/div>\n\t\t\t\t<div class=\"elementor-element elementor-element-76a6a96 elementor-widget elementor-widget-text-editor\" data-id=\"76a6a96\" data-element_type=\"widget\" data-e-type=\"widget\" data-widget_type=\"text-editor.default\">\n\t\t\t\t\t\t<div class=\"elementor-widget-container\">\n\t\t\t\t\t\t\t\t\t<p>Jeder wei\u00df, dass man sich nach ein paar Tagen am Meer viel besser und ges\u00fcnder f\u00fchlt. Das Atmen wird leichter.<br \/>Die Halotherapie wird in einem speziellen Raum durchgef\u00fchrt, in dem W\u00e4nde, Decke und Boden mit Salz bedeckt sind. Dar\u00fcber hinaus wird das Salz im Raum durch einen Halogengenerator zerst\u00e4ubt.<\/p>\n<p>Spa Wellness Venlo verf\u00fcgt \u00fcber einen gro\u00dfen Salzraum, in dem sich 5 Personen gleichzeitig behandeln lassen k\u00f6nnen, und einen kleineren Salzraum f\u00fcr bis zu 2 Personen.<\/p>\n<p>Die Urspr\u00fcnge der Halotherapie lassen sich bis zu den Salzbergwerken Osteuropas vor mehreren Jahrhunderten zur\u00fcckverfolgen. Die Bergleute hatten einen au\u00dfergew\u00f6hnlich niedrigen Krankenstand. Atemwegs-, Erk\u00e4ltungs- und Hautprobleme traten praktisch nicht auf.<br \/>Nach mehreren Studien wurde festgestellt, dass die Luft eine hohe Konzentration von Salzmolek\u00fclen enth\u00e4lt, was sich positiv auf die Gesundheit der Menschen auswirkt. Schon bald wurde es als Therapie eingesetzt, und Menschen mit Haut- und Atemwegserkrankungen gingen ein- bis zweimal pro Woche f\u00fcr eine Stunde in das Salzbergwerk.<br \/>In mehreren europ\u00e4ischen L\u00e4ndern werden Salzbergwerke noch immer zu therapeutischen Zwecken genutzt.<\/p>\n<p>Da wir hier keine Salzminen haben, haben wir diese R\u00e4ume bauen lassen. Medizinsalz wird in den R\u00e4umen zerst\u00e4ubt. Sie k\u00f6nnen zwischen einer 25- oder 50-min\u00fctigen Behandlung w\u00e4hlen.<\/p>\n<p>W\u00e4hrend der Behandlung k\u00f6nnen Sie in aller Ruhe ein Buch oder eine Zeitschrift lesen, und wir spielen etwas Musik. Auch die Umgebung, in der Sie sich befinden, hat eine entspannende Wirkung.<\/p>\n<\/p>\n<p><em>Diese Behandlung kann auch ohne Saunabesuch gebucht werden. Sie m\u00fcssen in der Lage sein, Treppen zu steigen; es gibt keinen Aufzug im Geb\u00e4ude.<\/em><\/p>\n<\/p>\n<p><em>Das Ergebnis der Halotherapie ist von Person zu Person unterschiedlich und es k\u00f6nnen mehrere Behandlungen erforderlich sein, um eine optimale Wirkung zu erzielen, je nachdem, zu welchem Zweck man die Therapie durchf\u00fchrt.<\/em><\/p>\n\t\t\t\t\t\t\t\t<\/div>\n\t\t\t\t<\/div>\n\t\t\t\t\t<\/div>\n\t\t<\/div>\n\t\t\t\t\t<\/div>\n\t\t<\/section>\n\t\t\t\t<section class=\"elementor-section elementor-top-section elementor-element elementor-element-6800680 elementor-section-boxed elementor-section-height-default elementor-section-height-default\" data-id=\"6800680\" data-element_type=\"section\" data-e-type=\"section\">\n\t\t\t\t\t\t<div class=\"elementor-container elementor-column-gap-no\">\n\t\t\t\t\t<div class=\"elementor-column elementor-col-50 elementor-top-column elementor-element elementor-element-9bc147d animated-slow elementor-invisible\" data-id=\"9bc147d\" data-element_type=\"column\" data-e-type=\"column\" data-settings=\"{&quot;background_background&quot;:&quot;classic&quot;,&quot;animation&quot;:&quot;fadeInUp&quot;,&quot;animation_delay&quot;:100}\">\n\t\t\t<div class=\"elementor-widget-wrap elementor-element-populated\">\n\t\t\t\t\t<div class=\"elementor-background-overlay\"><\/div>\n\t\t\t\t\t\t<div class=\"elementor-element elementor-element-c527c6f elementor-widget elementor-widget-menu-anchor\" data-id=\"c527c6f\" data-element_type=\"widget\" data-e-type=\"widget\" data-widget_type=\"menu-anchor.default\">\n\t\t\t\t\t\t<div class=\"elementor-widget-container\">\n\t\t\t\t\t\t\t<div class=\"elementor-menu-anchor\" id=\"BasicSkincare20\"><\/div>\n\t\t\t\t\t\t<\/div>\n\t\t\t\t<\/div>\n\t\t\t\t<div class=\"elementor-element elementor-element-6e6c3bd elementor-widget elementor-widget-image\" data-id=\"6e6c3bd\" data-element_type=\"widget\" data-e-type=\"widget\" data-widget_type=\"image.default\">\n\t\t\t\t\t\t<div class=\"elementor-widget-container\">\n\t\t\t\t\t\t\t\t\t\t\t\t\t\t\t<img fetchpriority=\"high\" decoding=\"async\" width=\"533\" height=\"800\" src=\"https:\/\/spawellnessvenlo.nl\/wp-content\/uploads\/2023\/02\/zoutkamer-800-dpi.jpg\" class=\"attachment-2048x2048 size-2048x2048 wp-image-6424\" alt=\"\" srcset=\"https:\/\/spawellnessvenlo.nl\/wp-content\/uploads\/2023\/02\/zoutkamer-800-dpi.jpg 533w, https:\/\/spawellnessvenlo.nl\/wp-content\/uploads\/2023\/02\/zoutkamer-800-dpi-200x300.jpg 200w\" sizes=\"(max-width: 533px) 100vw, 533px\" \/>\t\t\t\t\t\t\t\t\t\t\t\t\t\t\t<\/div>\n\t\t\t\t<\/div>\n\t\t\t\t<div class=\"elementor-element elementor-element-2012c92 elementor-widget elementor-widget-heading\" data-id=\"2012c92\" data-element_type=\"widget\" data-e-type=\"widget\" data-widget_type=\"heading.default\">\n\t\t\t\t\t\t<div class=\"elementor-widget-container\">\n\t\t\t\t\t<h2 class=\"elementor-heading-title elementor-size-default\">Halotherapie 25<\/h2>\t\t\t\t<\/div>\n\t\t\t\t<\/div>\n\t\t\t\t<div class=\"elementor-element elementor-element-48ab573 elementor-widget elementor-widget-text-editor\" data-id=\"48ab573\" data-element_type=\"widget\" data-e-type=\"widget\" data-widget_type=\"text-editor.default\">\n\t\t\t\t\t\t<\/div>\n\t\t\t\t<div class=\"elementor-element elementor-element-00b2554 elementor-widget elementor-widget-text-editor\" data-id=\"00b2554\" data-element_type=\"widget\" data-e-type=\"widget\" data-widget_type=\"text-editor.default\">\n\t\t\t\t\t\t<div class=\"elementor-widget-container\">\n\t\t\t\t\t\t\t\t\t<p>Genie\u00dfen Sie 25 Minuten Ruhe und Halotherapie.  <br \/>Buchen Sie diese Halotherapie zum ersten Mal? Dann erhalten Sie einen Einf\u00fchrungsrabatt.<\/p>\n<p>Ihre erste Sitzung der Halotherapie f\u00fcr nur 5<\/p>\n\t\t\t\t\t\t\t\t<\/div>\n\t\t\t\t<\/div>\n\t\t\t\t<section class=\"elementor-section elementor-inner-section elementor-element elementor-element-c59e567 elementor-section-boxed elementor-section-height-default elementor-section-height-default\" data-id=\"c59e567\" data-element_type=\"section\" data-e-type=\"section\">\n\t\t\t\t\t\t<div class=\"elementor-container elementor-column-gap-no\">\n\t\t\t\t\t<div class=\"elementor-column elementor-col-50 elementor-inner-column elementor-element elementor-element-0780fb7\" data-id=\"0780fb7\" data-element_type=\"column\" data-e-type=\"column\">\n\t\t\t<div class=\"elementor-widget-wrap elementor-element-populated\">\n\t\t\t\t\t\t<div class=\"elementor-element elementor-element-8ee7524 elementor-align-start elementor-icon-list--layout-traditional elementor-list-item-link-full_width elementor-widget elementor-widget-icon-list\" data-id=\"8ee7524\" data-element_type=\"widget\" data-e-type=\"widget\" data-widget_type=\"icon-list.default\">\n\t\t\t\t\t\t<div class=\"elementor-widget-container\">\n\t\t\t\t\t\t\t<ul class=\"elementor-icon-list-items\">\n\t\t\t\t\t\t\t<li class=\"elementor-icon-list-item\">\n\t\t\t\t\t\t\t\t\t\t\t<span class=\"elementor-icon-list-icon\">\n\t\t\t\t\t\t\t<i aria-hidden=\"true\" class=\"far fa-clock\"><\/i>\t\t\t\t\t\t<\/span>\n\t\t\t\t\t\t\t\t\t\t<span class=\"elementor-icon-list-text\">20 min<\/span>\n\t\t\t\t\t\t\t\t\t<\/li>\n\t\t\t\t\t\t<\/ul>\n\t\t\t\t\t\t<\/div>\n\t\t\t\t<\/div>\n\t\t\t\t\t<\/div>\n\t\t<\/div>\n\t\t\t\t<div class=\"elementor-column elementor-col-50 elementor-inner-column elementor-element elementor-element-315a0da\" data-id=\"315a0da\" data-element_type=\"column\" data-e-type=\"column\">\n\t\t\t<div class=\"elementor-widget-wrap elementor-element-populated\">\n\t\t\t\t\t\t<div class=\"elementor-element elementor-element-5f34105 elementor-widget elementor-widget-text-editor\" data-id=\"5f34105\" data-element_type=\"widget\" data-e-type=\"widget\" data-widget_type=\"text-editor.default\">\n\t\t\t\t\t\t<div class=\"elementor-widget-container\">\n\t\t\t\t\t\t\t\t\t<p>\u20ac 7,50<\/p>\n\t\t\t\t\t\t\t\t<\/div>\n\t\t\t\t<\/div>\n\t\t\t\t\t<\/div>\n\t\t<\/div>\n\t\t\t\t\t<\/div>\n\t\t<\/section>\n\t\t\t\t\t<\/div>\n\t\t<\/div>\n\t\t\t\t<div class=\"elementor-column elementor-col-50 elementor-top-column elementor-element elementor-element-cb1fd1f animated-slow elementor-invisible\" data-id=\"cb1fd1f\" data-element_type=\"column\" data-e-type=\"column\" data-settings=\"{&quot;background_background&quot;:&quot;classic&quot;,&quot;animation&quot;:&quot;fadeInUp&quot;,&quot;animation_delay&quot;:100}\">\n\t\t\t<div class=\"elementor-widget-wrap elementor-element-populated\">\n\t\t\t\t\t<div class=\"elementor-background-overlay\"><\/div>\n\t\t\t\t\t\t<div class=\"elementor-element elementor-element-c91777e elementor-widget elementor-widget-menu-anchor\" data-id=\"c91777e\" data-element_type=\"widget\" data-e-type=\"widget\" data-widget_type=\"menu-anchor.default\">\n\t\t\t\t\t\t<div class=\"elementor-widget-container\">\n\t\t\t\t\t\t\t<div class=\"elementor-menu-anchor\" id=\"BasicSkincare20\"><\/div>\n\t\t\t\t\t\t<\/div>\n\t\t\t\t<\/div>\n\t\t\t\t<div class=\"elementor-element elementor-element-cc0791f elementor-widget elementor-widget-image\" data-id=\"cc0791f\" data-element_type=\"widget\" data-e-type=\"widget\" data-widget_type=\"image.default\">\n\t\t\t\t\t\t<div class=\"elementor-widget-container\">\n\t\t\t\t\t\t\t\t\t\t\t\t\t\t\t<img fetchpriority=\"high\" decoding=\"async\" width=\"533\" height=\"800\" src=\"https:\/\/spawellnessvenlo.nl\/wp-content\/uploads\/2023\/02\/zoutkamer-800-dpi.jpg\" class=\"attachment-2048x2048 size-2048x2048 wp-image-6424\" alt=\"\" srcset=\"https:\/\/spawellnessvenlo.nl\/wp-content\/uploads\/2023\/02\/zoutkamer-800-dpi.jpg 533w, https:\/\/spawellnessvenlo.nl\/wp-content\/uploads\/2023\/02\/zoutkamer-800-dpi-200x300.jpg 200w\" sizes=\"(max-width: 533px) 100vw, 533px\" \/>\t\t\t\t\t\t\t\t\t\t\t\t\t\t\t<\/div>\n\t\t\t\t<\/div>\n\t\t\t\t<div class=\"elementor-element elementor-element-62ce036 elementor-widget elementor-widget-heading\" data-id=\"62ce036\" data-element_type=\"widget\" data-e-type=\"widget\" data-widget_type=\"heading.default\">\n\t\t\t\t\t\t<div class=\"elementor-widget-container\">\n\t\t\t\t\t<h2 class=\"elementor-heading-title elementor-size-default\">Halotherapie 50<\/h2>\t\t\t\t<\/div>\n\t\t\t\t<\/div>\n\t\t\t\t<div class=\"elementor-element elementor-element-93c5dea elementor-widget elementor-widget-text-editor\" data-id=\"93c5dea\" data-element_type=\"widget\" data-e-type=\"widget\" data-widget_type=\"text-editor.default\">\n\t\t\t\t\t\t<\/div>\n\t\t\t\t<div class=\"elementor-element elementor-element-0caa906 elementor-widget elementor-widget-text-editor\" data-id=\"0caa906\" data-element_type=\"widget\" data-e-type=\"widget\" data-widget_type=\"text-editor.default\">\n\t\t\t\t\t\t<div class=\"elementor-widget-container\">\n\t\t\t\t\t\t\t\t\t<p>Genie\u00dfen Sie 50 Minuten Ruhe und Halotherapie.  <br \/>Buchen Sie diese Halotherapie zum ersten Mal? Dann erhalten Sie einen Einf\u00fchrungsrabatt.<\/p>\n<p>Ihre erste Sitzung der Halotherapie f\u00fcr nur 7,50<\/p>\n\t\t\t\t\t\t\t\t<\/div>\n\t\t\t\t<\/div>\n\t\t\t\t<section class=\"elementor-section elementor-inner-section elementor-element elementor-element-e23fd51 elementor-section-boxed elementor-section-height-default elementor-section-height-default\" data-id=\"e23fd51\" data-element_type=\"section\" data-e-type=\"section\">\n\t\t\t\t\t\t<div class=\"elementor-container elementor-column-gap-no\">\n\t\t\t\t\t<div class=\"elementor-column elementor-col-50 elementor-inner-column elementor-element elementor-element-ffce801\" data-id=\"ffce801\" data-element_type=\"column\" data-e-type=\"column\">\n\t\t\t<div class=\"elementor-widget-wrap elementor-element-populated\">\n\t\t\t\t\t\t<div class=\"elementor-element elementor-element-4aabca7 elementor-align-start elementor-icon-list--layout-traditional elementor-list-item-link-full_width elementor-widget elementor-widget-icon-list\" data-id=\"4aabca7\" data-element_type=\"widget\" data-e-type=\"widget\" data-widget_type=\"icon-list.default\">\n\t\t\t\t\t\t<div class=\"elementor-widget-container\">\n\t\t\t\t\t\t\t<ul class=\"elementor-icon-list-items\">\n\t\t\t\t\t\t\t<li class=\"elementor-icon-list-item\">\n\t\t\t\t\t\t\t\t\t\t\t<span class=\"elementor-icon-list-icon\">\n\t\t\t\t\t\t\t<i aria-hidden=\"true\" class=\"far fa-clock\"><\/i>\t\t\t\t\t\t<\/span>\n\t\t\t\t\t\t\t\t\t\t<span class=\"elementor-icon-list-text\">50 min<\/span>\n\t\t\t\t\t\t\t\t\t<\/li>\n\t\t\t\t\t\t<\/ul>\n\t\t\t\t\t\t<\/div>\n\t\t\t\t<\/div>\n\t\t\t\t\t<\/div>\n\t\t<\/div>\n\t\t\t\t<div class=\"elementor-column elementor-col-50 elementor-inner-column elementor-element elementor-element-5fbd4ac\" data-id=\"5fbd4ac\" data-element_type=\"column\" data-e-type=\"column\">\n\t\t\t<div class=\"elementor-widget-wrap elementor-element-populated\">\n\t\t\t\t\t\t<div class=\"elementor-element elementor-element-2d70c3c elementor-widget elementor-widget-text-editor\" data-id=\"2d70c3c\" data-element_type=\"widget\" data-e-type=\"widget\" data-widget_type=\"text-editor.default\">\n\t\t\t\t\t\t<div class=\"elementor-widget-container\">\n\t\t\t\t\t\t\t\t\t<p>\u20ac 12,50<\/p>\n\t\t\t\t\t\t\t\t<\/div>\n\t\t\t\t<\/div>\n\t\t\t\t\t<\/div>\n\t\t<\/div>\n\t\t\t\t\t<\/div>\n\t\t<\/section>\n\t\t\t\t\t<\/div>\n\t\t<\/div>\n\t\t\t\t\t<\/div>\n\t\t<\/section>\n\t\t\t\t<\/div>\n\t\t","protected":false},"excerpt":{"rendered":"<p>Halo-Therapie Regelm\u00e4\u00dfiges Einatmen von salzhaltiger Luft hat positive Auswirkungen auf die Gesundheit. \u00a0 Halo-Therapie Jeder wei\u00df, dass man sich nach ein paar Tagen am Meer viel besser und ges\u00fcnder f\u00fchlt. Das Atmen wird leichter. Die Halotherapie wird in einem speziellen Raum durchgef\u00fchrt, in dem W\u00e4nde, Decke und Boden mit Salz bedeckt sind. Dar\u00fcber hinaus wird [&hellip;]<\/p>\n","protected":false},"author":2,"featured_media":6419,"parent":0,"menu_order":0,"comment_status":"closed","ping_status":"closed","template":"","meta":{"footnotes":""},"class_list":["post-7950","page","type-page","status-publish","has-post-thumbnail","hentry"],"_links":{"self":[{"href":"https:\/\/spawellnessvenlo.nl\/de\/wp-json\/wp\/v2\/pages\/7950","targetHints":{"allow":["GET"]}}],"collection":[{"href":"https:\/\/spawellnessvenlo.nl\/de\/wp-json\/wp\/v2\/pages"}],"about":[{"href":"https:\/\/spawellnessvenlo.nl\/de\/wp-json\/wp\/v2\/types\/page"}],"author":[{"embeddable":true,"href":"https:\/\/spawellnessvenlo.nl\/de\/wp-json\/wp\/v2\/users\/2"}],"replies":[{"embeddable":true,"href":"https:\/\/spawellnessvenlo.nl\/de\/wp-json\/wp\/v2\/comments?post=7950"}],"version-history":[{"count":4,"href":"https:\/\/spawellnessvenlo.nl\/de\/wp-json\/wp\/v2\/pages\/7950\/revisions"}],"predecessor-version":[{"id":9522,"href":"https:\/\/spawellnessvenlo.nl\/de\/wp-json\/wp\/v2\/pages\/7950\/revisions\/9522"}],"wp:featuredmedia":[{"embeddable":true,"href":"https:\/\/spawellnessvenlo.nl\/de\/wp-json\/wp\/v2\/media\/6419"}],"wp:attachment":[{"href":"https:\/\/spawellnessvenlo.nl\/de\/wp-json\/wp\/v2\/media?parent=7950"}],"curies":[{"name":"wp","href":"https:\/\/api.w.org\/{rel}","templated":true}]}}