{"id":4716,"date":"2023-01-21T14:36:55","date_gmt":"2023-01-21T13:36:55","guid":{"rendered":"http:\/\/spawellnessvenlo.nl\/informationen\/"},"modified":"2023-10-23T16:01:17","modified_gmt":"2023-10-23T14:01:17","slug":"informationen","status":"publish","type":"page","link":"https:\/\/spawellnessvenlo.nl\/de\/informationen\/","title":{"rendered":"Informationen"},"content":{"rendered":"\t\t<div data-elementor-type=\"wp-page\" data-elementor-id=\"4716\" class=\"elementor elementor-4716 elementor-904\" data-elementor-post-type=\"page\">\n\t\t\t\t\t\t<section class=\"elementor-section elementor-top-section elementor-element elementor-element-1352249 elementor-section-height-min-height elementor-section-full_width elementor-section-height-default elementor-section-items-middle\" data-id=\"1352249\" data-element_type=\"section\" data-e-type=\"section\" data-settings=\"{&quot;background_background&quot;:&quot;slideshow&quot;,&quot;background_slideshow_gallery&quot;:[{&quot;id&quot;:5818,&quot;url&quot;:&quot;http:\\\/\\\/spawellnessvenlo.nl\\\/wp-content\\\/uploads\\\/2023\\\/02\\\/Spa-Wellness-Venlo-building.jpg&quot;}],&quot;motion_fx_motion_fx_scrolling&quot;:&quot;yes&quot;,&quot;background_slideshow_loop&quot;:&quot;yes&quot;,&quot;background_slideshow_slide_duration&quot;:5000,&quot;background_slideshow_slide_transition&quot;:&quot;fade&quot;,&quot;background_slideshow_transition_duration&quot;:500,&quot;motion_fx_devices&quot;:[&quot;desktop&quot;,&quot;laptop&quot;,&quot;tablet&quot;,&quot;mobile&quot;]}\">\n\t\t\t\t\t\t\t<div class=\"elementor-background-overlay\"><\/div>\n\t\t\t\t\t\t\t<div class=\"elementor-container elementor-column-gap-default\">\n\t\t\t\t\t<div class=\"elementor-column elementor-col-100 elementor-top-column elementor-element elementor-element-8639a60 animated-slow elementor-invisible\" data-id=\"8639a60\" data-element_type=\"column\" data-e-type=\"column\" data-settings=\"{&quot;animation&quot;:&quot;fadeIn&quot;,&quot;animation_delay&quot;:0}\">\n\t\t\t<div class=\"elementor-widget-wrap elementor-element-populated\">\n\t\t\t\t\t\t<div class=\"elementor-element elementor-element-25ce736 uael-heading-align-center animated-slow elementor-invisible elementor-widget elementor-widget-uael-advanced-heading\" data-id=\"25ce736\" data-element_type=\"widget\" data-e-type=\"widget\" data-settings=\"{&quot;_animation&quot;:&quot;slideInDown&quot;}\" data-widget_type=\"uael-advanced-heading.default\">\n\t\t\t\t\t\t<div class=\"elementor-widget-container\">\n\t\t\t\t\t\n\t\t<div class=\"uael-module-content uael-heading-wrapper\">\n\t\t\t\t\t\t\n\t\t\t<h1 class=\"uael-heading\">\n\t\t\t\t\t\t\t\t\t\t<span class=\"uael-heading-text elementor-inline-editing uael-size--default\" data-elementor-setting-key=\"heading_title\" data-elementor-inline-editing-toolbar=\"basic\">Spabron<\/span>\n\t\t\t\t\t\t\t<\/h1>\n\n\t\t\t\n\t\t\t\t\t\t<div class=\"uael-module-content uael-separator-parent\">\n\t\t\t\t\t\t\t\t\t\t\t\t\t<div class=\"uael-separator\"><\/div>\n\t\t\t\t\t\t\t<\/div>\n\t\t\t\n\t\t\t\n\t\t\t\t\t\t<\/div>\n\t\t\t\t\t\t<\/div>\n\t\t\t\t<\/div>\n\t\t\t\t<div class=\"elementor-element elementor-element-9da955f animated-slow elementor-invisible elementor-widget elementor-widget-text-editor\" data-id=\"9da955f\" data-element_type=\"widget\" data-e-type=\"widget\" data-settings=\"{&quot;_animation&quot;:&quot;fadeIn&quot;,&quot;_animation_delay&quot;:800}\" data-widget_type=\"text-editor.default\">\n\t\t\t\t\t\t<div class=\"elementor-widget-container\">\n\t\t\t\t\t\t\t\t\t<p>Unsere Gesch\u00e4ftsphilosophie ist, dass ein Sauna- und Wellnessbesuch nicht nur angenehm und entspannend, sondern auch erschwinglich sein soll!<\/p>\n\t\t\t\t\t\t\t\t<\/div>\n\t\t\t\t<\/div>\n\t\t\t\t\t<\/div>\n\t\t<\/div>\n\t\t\t\t\t<\/div>\n\t\t<\/section>\n\t\t\t\t<section class=\"elementor-section elementor-top-section elementor-element elementor-element-8695db8 elementor-section-full_width elementor-reverse-tablet elementor-reverse-mobile elementor-section-height-default elementor-section-height-default\" data-id=\"8695db8\" data-element_type=\"section\" data-e-type=\"section\">\n\t\t\t\t\t\t<div class=\"elementor-container elementor-column-gap-default\">\n\t\t\t\t\t<div class=\"elementor-column elementor-col-100 elementor-top-column elementor-element elementor-element-e8edc8f\" data-id=\"e8edc8f\" data-element_type=\"column\" data-e-type=\"column\">\n\t\t\t<div class=\"elementor-widget-wrap elementor-element-populated\">\n\t\t\t\t\t\t<div class=\"elementor-element elementor-element-82f1094 elementor-view-default elementor-invisible elementor-widget elementor-widget-icon\" data-id=\"82f1094\" data-element_type=\"widget\" data-e-type=\"widget\" data-settings=\"{&quot;sticky&quot;:&quot;bottom&quot;,&quot;sticky_parent&quot;:&quot;yes&quot;,&quot;_animation&quot;:&quot;fadeInUp&quot;,&quot;sticky_on&quot;:[&quot;desktop&quot;,&quot;laptop&quot;,&quot;tablet&quot;,&quot;mobile&quot;],&quot;sticky_offset&quot;:0,&quot;sticky_effects_offset&quot;:0,&quot;sticky_anchor_link_offset&quot;:0}\" data-widget_type=\"icon.default\">\n\t\t\t\t\t\t<div class=\"elementor-widget-container\">\n\t\t\t\t\t\t\t<div class=\"elementor-icon-wrapper\">\n\t\t\t<a class=\"elementor-icon elementor-animation-grow\" href=\"#Seitenabschnitt\">\n\t\t\t<i aria-hidden=\"true\" class=\"fas fa-angle-down\"><\/i>\t\t\t<\/a>\n\t\t<\/div>\n\t\t\t\t\t\t<\/div>\n\t\t\t\t<\/div>\n\t\t\t\t<div class=\"elementor-element elementor-element-1caf8f0 elementor-widget elementor-widget-menu-anchor\" data-id=\"1caf8f0\" data-element_type=\"widget\" data-e-type=\"widget\" data-widget_type=\"menu-anchor.default\">\n\t\t\t\t\t\t<div class=\"elementor-widget-container\">\n\t\t\t\t\t\t\t<div class=\"elementor-menu-anchor\" id=\"Seitenabschnitt\"><\/div>\n\t\t\t\t\t\t<\/div>\n\t\t\t\t<\/div>\n\t\t\t\t\t<\/div>\n\t\t<\/div>\n\t\t\t\t\t<\/div>\n\t\t<\/section>\n\t\t\t\t<section class=\"elementor-section elementor-top-section elementor-element elementor-element-aafcd37 elementor-section-boxed elementor-section-height-default elementor-section-height-default\" data-id=\"aafcd37\" data-element_type=\"section\" data-e-type=\"section\">\n\t\t\t\t\t\t<div class=\"elementor-container elementor-column-gap-default\">\n\t\t\t\t\t<div class=\"elementor-column elementor-col-100 elementor-top-column elementor-element elementor-element-b0a64bb\" data-id=\"b0a64bb\" data-element_type=\"column\" data-e-type=\"column\">\n\t\t\t<div class=\"elementor-widget-wrap elementor-element-populated\">\n\t\t\t\t\t\t<div class=\"elementor-element elementor-element-9416aeb elementor-invisible elementor-widget elementor-widget-heading\" data-id=\"9416aeb\" data-element_type=\"widget\" data-e-type=\"widget\" data-settings=\"{&quot;_animation&quot;:&quot;fadeInUp&quot;}\" data-widget_type=\"heading.default\">\n\t\t\t\t\t\t<div class=\"elementor-widget-container\">\n\t\t\t\t\t<h2 class=\"elementor-heading-title elementor-size-default\">Sauna, Sch\u00f6nheitspflege, Massage und Hotel<\/h2>\t\t\t\t<\/div>\n\t\t\t\t<\/div>\n\t\t\t\t<div class=\"elementor-element elementor-element-81f01c7 elementor-widget elementor-widget-text-editor\" data-id=\"81f01c7\" data-element_type=\"widget\" data-e-type=\"widget\" data-widget_type=\"text-editor.default\">\n\t\t\t\t\t\t<div class=\"elementor-widget-container\">\n\t\t\t\t\t\t\t\t\t<p>Es ist Zeit zu genie\u00dfen! Bei Spabron kommen Sie zur Ruhe. Spabron ist ein attraktives, mittelgro\u00dfes Sauna- und Wellnesszentrum mit eigenen Hotelzimmern in Drenthe, in Oosterhesselen.<br \/>Genie\u00dfen Sie das vielf\u00e4ltige Sauna- und Wellnessangebot, das 7 authentische Saunen, mehrere Whirlpools, die Ruher\u00e4ume, das Dampfbad und das sch\u00f6ne beheizte Schwimmbad umfasst.<br \/>Genie\u00dfen Sie unser Restaurant mit seiner reichhaltigen Speisekarte voller k\u00f6stlicher Gerichte und machen Sie Ihren Tag mit den wunderbaren Sch\u00f6nheitsbehandlungen und Massagen besonders komplett.<\/p>\n\t\t\t\t\t\t\t\t<\/div>\n\t\t\t\t<\/div>\n\t\t\t\t\t<\/div>\n\t\t<\/div>\n\t\t\t\t\t<\/div>\n\t\t<\/section>\n\t\t\t\t<section class=\"elementor-section elementor-top-section elementor-element elementor-element-3867721 elementor-section-boxed elementor-section-height-default elementor-section-height-default\" data-id=\"3867721\" data-element_type=\"section\" data-e-type=\"section\">\n\t\t\t\t\t\t<div class=\"elementor-container elementor-column-gap-default\">\n\t\t\t\t\t<div class=\"elementor-column elementor-col-100 elementor-top-column elementor-element elementor-element-ddfa079\" data-id=\"ddfa079\" data-element_type=\"column\" data-e-type=\"column\">\n\t\t\t<div class=\"elementor-widget-wrap elementor-element-populated\">\n\t\t\t\t\t\t<div class=\"elementor-element elementor-element-451ac1d elementor-widget elementor-widget-video\" data-id=\"451ac1d\" data-element_type=\"widget\" data-e-type=\"widget\" data-settings=\"{&quot;autoplay&quot;:&quot;yes&quot;,&quot;loop&quot;:&quot;yes&quot;,&quot;video_type&quot;:&quot;hosted&quot;,&quot;play_on_mobile&quot;:&quot;yes&quot;,&quot;controls&quot;:&quot;yes&quot;}\" data-widget_type=\"video.default\">\n\t\t\t\t\t\t<div class=\"elementor-widget-container\">\n\t\t\t\t\t\t\t<div class=\"e-hosted-video elementor-wrapper elementor-open-inline\">\n\t\t\t\t\t<video class=\"elementor-video\" src=\"http:\/\/spawellnessvenlo.nl\/wp-content\/uploads\/2023\/02\/Spa-Wellness-Venlo-Rondleiding-Spa.mp4\" autoplay=\"\" loop=\"\" controls=\"\" playsinline=\"\" controlsList=\"nodownload\"><\/video>\n\t\t\t\t<\/div>\n\t\t\t\t\t\t<\/div>\n\t\t\t\t<\/div>\n\t\t\t\t\t<\/div>\n\t\t<\/div>\n\t\t\t\t\t<\/div>\n\t\t<\/section>\n\t\t\t\t<section class=\"elementor-section elementor-top-section elementor-element elementor-element-906be1d elementor-section-boxed elementor-section-height-default elementor-section-height-default\" data-id=\"906be1d\" data-element_type=\"section\" data-e-type=\"section\">\n\t\t\t\t\t\t<div class=\"elementor-container elementor-column-gap-default\">\n\t\t\t\t\t<div class=\"elementor-column elementor-col-100 elementor-top-column elementor-element elementor-element-a1cb736\" data-id=\"a1cb736\" data-element_type=\"column\" data-e-type=\"column\">\n\t\t\t<div class=\"elementor-widget-wrap elementor-element-populated\">\n\t\t\t\t\t\t<div class=\"elementor-element elementor-element-795f9ec elementor-invisible elementor-widget elementor-widget-heading\" data-id=\"795f9ec\" data-element_type=\"widget\" data-e-type=\"widget\" data-settings=\"{&quot;_animation&quot;:&quot;fadeInUp&quot;}\" data-widget_type=\"heading.default\">\n\t\t\t\t\t\t<div class=\"elementor-widget-container\">\n\t\t\t\t\t<h2 class=\"elementor-heading-title elementor-size-default\">Erschwingliches Vergn\u00fcgen<\/h2>\t\t\t\t<\/div>\n\t\t\t\t<\/div>\n\t\t\t\t<div class=\"elementor-element elementor-element-290eee7 elementor-widget elementor-widget-text-editor\" data-id=\"290eee7\" data-element_type=\"widget\" data-e-type=\"widget\" data-widget_type=\"text-editor.default\">\n\t\t\t\t\t\t<div class=\"elementor-widget-container\">\n\t\t\t\t\t\t\t\t\t<p>Die Gesch\u00e4ftsphilosophie von Spabron ist, dass ein Sauna- und Wellnessbesuch nicht nur sch\u00f6n und entspannend, sondern auch erschwinglich sein soll! Dazu geh\u00f6rt auch unsere hochgelobte K\u00fcche mit k\u00f6stlichen Sandwiches und Gerichten! Unsere Sch\u00f6nheits- und Massagebehandlungen zeichnen sich durch hohe Qualit\u00e4t und g\u00fcnstige Preise aus. So hatten wir in den letzten Jahren das Vergn\u00fcgen, mehr als 100.000 G\u00e4ste zu verw\u00f6hnen!  <br \/>Bei uns stehen Atmosph\u00e4re, Entspannung, Hygiene, Ihr Wohlbefinden und pers\u00f6nliche Betreuung an erster Stelle!  <br \/>F\u00fcr Ihre Sicherheit und Ihr Wohlbefinden haben wir 15 FAFS-Mitarbeiter, die u. a. in Herz-Lungen-Wiederbelebung, Feuerl\u00f6schen, Erster Hilfe bei Wunden, Evakuierung und Kommunikation geschult wurden.<\/p>\n\t\t\t\t\t\t\t\t<\/div>\n\t\t\t\t<\/div>\n\t\t\t\t\t<\/div>\n\t\t<\/div>\n\t\t\t\t\t<\/div>\n\t\t<\/section>\n\t\t\t\t<section class=\"elementor-section elementor-top-section elementor-element elementor-element-66fd3ab elementor-section-boxed elementor-section-height-default elementor-section-height-default\" data-id=\"66fd3ab\" data-element_type=\"section\" data-e-type=\"section\">\n\t\t\t\t\t\t<div class=\"elementor-container elementor-column-gap-default\">\n\t\t\t\t\t<div class=\"elementor-column elementor-col-33 elementor-top-column elementor-element elementor-element-501b2e6\" data-id=\"501b2e6\" data-element_type=\"column\" data-e-type=\"column\">\n\t\t\t<div class=\"elementor-widget-wrap elementor-element-populated\">\n\t\t\t\t\t\t<div class=\"elementor-element elementor-element-a410d10 animated-slow elementor-invisible elementor-widget elementor-widget-image\" data-id=\"a410d10\" data-element_type=\"widget\" data-e-type=\"widget\" data-settings=\"{&quot;_animation&quot;:&quot;fadeInLeft&quot;,&quot;_animation_delay&quot;:200}\" data-widget_type=\"image.default\">\n\t\t\t\t\t\t<div class=\"elementor-widget-container\">\n\t\t\t\t\t\t\t\t\t\t\t\t\t\t\t\t<a href=\"http:\/\/spawellnessvenlo.nl\/de\/?page_id=4614\">\n\t\t\t\t\t\t\t<img decoding=\"async\" src=\"https:\/\/spawellnessvenlo.nl\/wp-content\/uploads\/elementor\/thumbs\/massage-header-1024x683-1-qk4u4nlhxv56qfamze0zrg3td3mc73g9po8zdhhea0.jpg\" title=\"massage-header-1024&#215;683\" alt=\"massage-header-1024x683\" loading=\"lazy\" \/>\t\t\t\t\t\t\t\t<\/a>\n\t\t\t\t\t\t\t\t\t\t\t\t\t\t\t<\/div>\n\t\t\t\t<\/div>\n\t\t\t\t\t<\/div>\n\t\t<\/div>\n\t\t\t\t<div class=\"elementor-column elementor-col-33 elementor-top-column elementor-element elementor-element-ca62456\" data-id=\"ca62456\" data-element_type=\"column\" data-e-type=\"column\">\n\t\t\t<div class=\"elementor-widget-wrap elementor-element-populated\">\n\t\t\t\t\t\t<div class=\"elementor-element elementor-element-c08fe23 animated-slow elementor-invisible elementor-widget elementor-widget-image\" data-id=\"c08fe23\" data-element_type=\"widget\" data-e-type=\"widget\" data-settings=\"{&quot;_animation&quot;:&quot;fadeInDown&quot;}\" data-widget_type=\"image.default\">\n\t\t\t\t\t\t<div class=\"elementor-widget-container\">\n\t\t\t\t\t\t\t\t\t\t\t\t\t\t\t\t<a href=\"http:\/\/spawellnessvenlo.nl\/de\/?page_id=4614\">\n\t\t\t\t\t\t\t<img fetchpriority=\"high\" decoding=\"async\" width=\"1024\" height=\"632\" src=\"https:\/\/spawellnessvenlo.nl\/wp-content\/uploads\/2023\/02\/Spa-Wellness-Venlo-building.jpg\" class=\"attachment-full size-full wp-image-5820\" alt=\"\" srcset=\"https:\/\/spawellnessvenlo.nl\/wp-content\/uploads\/2023\/02\/Spa-Wellness-Venlo-building.jpg 1024w, https:\/\/spawellnessvenlo.nl\/wp-content\/uploads\/2023\/02\/Spa-Wellness-Venlo-building-300x185.jpg 300w, https:\/\/spawellnessvenlo.nl\/wp-content\/uploads\/2023\/02\/Spa-Wellness-Venlo-building-768x474.jpg 768w\" sizes=\"(max-width: 1024px) 100vw, 1024px\" \/>\t\t\t\t\t\t\t\t<\/a>\n\t\t\t\t\t\t\t\t\t\t\t\t\t\t\t<\/div>\n\t\t\t\t<\/div>\n\t\t\t\t<div class=\"elementor-element elementor-element-5b62c94 animated-slow elementor-invisible elementor-widget elementor-widget-image\" data-id=\"5b62c94\" data-element_type=\"widget\" data-e-type=\"widget\" data-settings=\"{&quot;_animation&quot;:&quot;fadeInUp&quot;,&quot;_animation_delay&quot;:200}\" data-widget_type=\"image.default\">\n\t\t\t\t\t\t<div class=\"elementor-widget-container\">\n\t\t\t\t\t\t\t\t\t\t\t\t\t\t\t\t<a href=\"http:\/\/spawellnessvenlo.nl\/de\/?page_id=4614\">\n\t\t\t\t\t\t\t<img decoding=\"async\" width=\"1024\" height=\"768\" src=\"https:\/\/spawellnessvenlo.nl\/wp-content\/uploads\/2023\/02\/Tuin-2-Spa-Wellness-Venlo.jpg\" class=\"attachment-full size-full wp-image-5808\" alt=\"\" srcset=\"https:\/\/spawellnessvenlo.nl\/wp-content\/uploads\/2023\/02\/Tuin-2-Spa-Wellness-Venlo.jpg 1024w, https:\/\/spawellnessvenlo.nl\/wp-content\/uploads\/2023\/02\/Tuin-2-Spa-Wellness-Venlo-300x225.jpg 300w, https:\/\/spawellnessvenlo.nl\/wp-content\/uploads\/2023\/02\/Tuin-2-Spa-Wellness-Venlo-768x576.jpg 768w\" sizes=\"(max-width: 1024px) 100vw, 1024px\" \/>\t\t\t\t\t\t\t\t<\/a>\n\t\t\t\t\t\t\t\t\t\t\t\t\t\t\t<\/div>\n\t\t\t\t<\/div>\n\t\t\t\t<div class=\"elementor-element elementor-element-99b9fc8 animated-slow elementor-invisible elementor-widget elementor-widget-image\" data-id=\"99b9fc8\" data-element_type=\"widget\" data-e-type=\"widget\" data-settings=\"{&quot;_animation&quot;:&quot;fadeInUp&quot;,&quot;_animation_delay&quot;:400}\" data-widget_type=\"image.default\">\n\t\t\t\t\t\t<div class=\"elementor-widget-container\">\n\t\t\t\t\t\t\t\t\t\t\t\t\t\t\t\t<a href=\"http:\/\/spawellnessvenlo.nl\/de\/?page_id=4614\">\n\t\t\t\t\t\t\t<img decoding=\"async\" width=\"1024\" height=\"683\" src=\"https:\/\/spawellnessvenlo.nl\/wp-content\/uploads\/2023\/01\/Duo-massage-Spabron-2000px.jpg\" class=\"attachment-full size-full wp-image-4299\" alt=\"\" srcset=\"https:\/\/spawellnessvenlo.nl\/wp-content\/uploads\/2023\/01\/Duo-massage-Spabron-2000px.jpg 1024w, https:\/\/spawellnessvenlo.nl\/wp-content\/uploads\/2023\/01\/Duo-massage-Spabron-2000px-300x200.jpg 300w, https:\/\/spawellnessvenlo.nl\/wp-content\/uploads\/2023\/01\/Duo-massage-Spabron-2000px-768x512.jpg 768w\" sizes=\"(max-width: 1024px) 100vw, 1024px\" \/>\t\t\t\t\t\t\t\t<\/a>\n\t\t\t\t\t\t\t\t\t\t\t\t\t\t\t<\/div>\n\t\t\t\t<\/div>\n\t\t\t\t\t<\/div>\n\t\t<\/div>\n\t\t\t\t<div class=\"elementor-column elementor-col-33 elementor-top-column elementor-element elementor-element-a6670c2 elementor-hidden-mobile\" data-id=\"a6670c2\" data-element_type=\"column\" data-e-type=\"column\">\n\t\t\t<div class=\"elementor-widget-wrap elementor-element-populated\">\n\t\t\t\t\t\t<div class=\"elementor-element elementor-element-ea78be9 animated-slow elementor-invisible elementor-widget elementor-widget-image\" data-id=\"ea78be9\" data-element_type=\"widget\" data-e-type=\"widget\" data-settings=\"{&quot;_animation&quot;:&quot;fadeInRight&quot;,&quot;_animation_delay&quot;:300}\" data-widget_type=\"image.default\">\n\t\t\t\t\t\t<div class=\"elementor-widget-container\">\n\t\t\t\t\t\t\t\t\t\t\t\t\t\t\t\t<a href=\"http:\/\/spawellnessvenlo.nl\/de\/?page_id=4568\">\n\t\t\t\t\t\t\t<img loading=\"lazy\" decoding=\"async\" width=\"2000\" height=\"1334\" src=\"https:\/\/spawellnessvenlo.nl\/wp-content\/uploads\/2023\/02\/Sauna-lounge-Spa-Wellness-Venlo.jpg\" class=\"attachment-full size-full wp-image-5718\" alt=\"\" srcset=\"https:\/\/spawellnessvenlo.nl\/wp-content\/uploads\/2023\/02\/Sauna-lounge-Spa-Wellness-Venlo.jpg 2000w, https:\/\/spawellnessvenlo.nl\/wp-content\/uploads\/2023\/02\/Sauna-lounge-Spa-Wellness-Venlo-300x200.jpg 300w, https:\/\/spawellnessvenlo.nl\/wp-content\/uploads\/2023\/02\/Sauna-lounge-Spa-Wellness-Venlo-1024x683.jpg 1024w, https:\/\/spawellnessvenlo.nl\/wp-content\/uploads\/2023\/02\/Sauna-lounge-Spa-Wellness-Venlo-768x512.jpg 768w, https:\/\/spawellnessvenlo.nl\/wp-content\/uploads\/2023\/02\/Sauna-lounge-Spa-Wellness-Venlo-1536x1025.jpg 1536w\" sizes=\"(max-width: 2000px) 100vw, 2000px\" \/>\t\t\t\t\t\t\t\t<\/a>\n\t\t\t\t\t\t\t\t\t\t\t\t\t\t\t<\/div>\n\t\t\t\t<\/div>\n\t\t\t\t<div class=\"elementor-element elementor-element-9753356 animated-slow elementor-invisible elementor-widget elementor-widget-image\" data-id=\"9753356\" data-element_type=\"widget\" data-e-type=\"widget\" data-settings=\"{&quot;_animation&quot;:&quot;fadeInRight&quot;,&quot;_animation_delay&quot;:300}\" data-widget_type=\"image.default\">\n\t\t\t\t\t\t<div class=\"elementor-widget-container\">\n\t\t\t\t\t\t\t\t\t\t\t\t\t\t\t\t<a href=\"http:\/\/spawellnessvenlo.nl\/de\/?page_id=4568\">\n\t\t\t\t\t\t\t<img loading=\"lazy\" decoding=\"async\" width=\"1024\" height=\"768\" src=\"https:\/\/spawellnessvenlo.nl\/wp-content\/uploads\/2023\/02\/Opgieting-Spa-Wellness-Venlo.jpg\" class=\"attachment-full size-full wp-image-5901\" alt=\"\" srcset=\"https:\/\/spawellnessvenlo.nl\/wp-content\/uploads\/2023\/02\/Opgieting-Spa-Wellness-Venlo.jpg 1024w, https:\/\/spawellnessvenlo.nl\/wp-content\/uploads\/2023\/02\/Opgieting-Spa-Wellness-Venlo-300x225.jpg 300w, https:\/\/spawellnessvenlo.nl\/wp-content\/uploads\/2023\/02\/Opgieting-Spa-Wellness-Venlo-768x576.jpg 768w\" sizes=\"(max-width: 1024px) 100vw, 1024px\" \/>\t\t\t\t\t\t\t\t<\/a>\n\t\t\t\t\t\t\t\t\t\t\t\t\t\t\t<\/div>\n\t\t\t\t<\/div>\n\t\t\t\t<div class=\"elementor-element elementor-element-31bd3ad elementor-widget__width-initial elementor-absolute elementor-widget-tablet__width-initial elementor-widget elementor-widget-spacer\" data-id=\"31bd3ad\" data-element_type=\"widget\" data-e-type=\"widget\" data-settings=\"{&quot;_position&quot;:&quot;absolute&quot;}\" data-widget_type=\"spacer.default\">\n\t\t\t\t\t\t<div class=\"elementor-widget-container\">\n\t\t\t\t\t\t\t<div class=\"elementor-spacer\">\n\t\t\t<div class=\"elementor-spacer-inner\"><\/div>\n\t\t<\/div>\n\t\t\t\t\t\t<\/div>\n\t\t\t\t<\/div>\n\t\t\t\t\t<\/div>\n\t\t<\/div>\n\t\t\t\t\t<\/div>\n\t\t<\/section>\n\t\t\t\t<section class=\"elementor-section elementor-top-section elementor-element elementor-element-17d1c15 elementor-section-boxed elementor-section-height-default elementor-section-height-default\" data-id=\"17d1c15\" data-element_type=\"section\" data-e-type=\"section\">\n\t\t\t\t\t\t<div class=\"elementor-container elementor-column-gap-default\">\n\t\t\t\t\t<div class=\"elementor-column elementor-col-100 elementor-top-column elementor-element elementor-element-872eb21\" data-id=\"872eb21\" data-element_type=\"column\" data-e-type=\"column\">\n\t\t\t<div class=\"elementor-widget-wrap elementor-element-populated\">\n\t\t\t\t\t\t<div class=\"elementor-element elementor-element-3746ebe animated-slow elementor-invisible elementor-widget elementor-widget-image\" data-id=\"3746ebe\" data-element_type=\"widget\" data-e-type=\"widget\" data-settings=\"{&quot;_animation&quot;:&quot;fadeInUp&quot;,&quot;_animation_delay&quot;:300}\" data-widget_type=\"image.default\">\n\t\t\t\t\t\t<div class=\"elementor-widget-container\">\n\t\t\t\t\t\t\t\t\t\t\t\t\t\t\t<img loading=\"lazy\" decoding=\"async\" width=\"1241\" height=\"875\" src=\"https:\/\/spawellnessvenlo.nl\/wp-content\/uploads\/2023\/05\/Spa-Wellness-Venlo-Plattegrond-2023.jpg\" class=\"attachment-full size-full wp-image-8217\" alt=\"\" srcset=\"https:\/\/spawellnessvenlo.nl\/wp-content\/uploads\/2023\/05\/Spa-Wellness-Venlo-Plattegrond-2023.jpg 1241w, https:\/\/spawellnessvenlo.nl\/wp-content\/uploads\/2023\/05\/Spa-Wellness-Venlo-Plattegrond-2023-300x212.jpg 300w, https:\/\/spawellnessvenlo.nl\/wp-content\/uploads\/2023\/05\/Spa-Wellness-Venlo-Plattegrond-2023-1024x722.jpg 1024w, https:\/\/spawellnessvenlo.nl\/wp-content\/uploads\/2023\/05\/Spa-Wellness-Venlo-Plattegrond-2023-768x541.jpg 768w\" sizes=\"(max-width: 1241px) 100vw, 1241px\" \/>\t\t\t\t\t\t\t\t\t\t\t\t\t\t\t<\/div>\n\t\t\t\t<\/div>\n\t\t\t\t\t<\/div>\n\t\t<\/div>\n\t\t\t\t\t<\/div>\n\t\t<\/section>\n\t\t\t\t<\/div>\n\t\t","protected":false},"excerpt":{"rendered":"<p>Spabron Unsere Gesch\u00e4ftsphilosophie ist, dass ein Sauna- und Wellnessbesuch nicht nur angenehm und entspannend, sondern auch erschwinglich sein soll! \u00a0 Sauna, Sch\u00f6nheitspflege, Massage und Hotel Es ist Zeit zu genie\u00dfen! Bei Spabron kommen Sie zur Ruhe. Spabron ist ein attraktives, mittelgro\u00dfes Sauna- und Wellnesszentrum mit eigenen Hotelzimmern in Drenthe, in Oosterhesselen. Genie\u00dfen Sie das vielf\u00e4ltige [&hellip;]<\/p>\n","protected":false},"author":2,"featured_media":5820,"parent":0,"menu_order":0,"comment_status":"closed","ping_status":"closed","template":"elementor_header_footer","meta":{"footnotes":""},"class_list":["post-4716","page","type-page","status-publish","has-post-thumbnail","hentry"],"_links":{"self":[{"href":"https:\/\/spawellnessvenlo.nl\/de\/wp-json\/wp\/v2\/pages\/4716","targetHints":{"allow":["GET"]}}],"collection":[{"href":"https:\/\/spawellnessvenlo.nl\/de\/wp-json\/wp\/v2\/pages"}],"about":[{"href":"https:\/\/spawellnessvenlo.nl\/de\/wp-json\/wp\/v2\/types\/page"}],"author":[{"embeddable":true,"href":"https:\/\/spawellnessvenlo.nl\/de\/wp-json\/wp\/v2\/users\/2"}],"replies":[{"embeddable":true,"href":"https:\/\/spawellnessvenlo.nl\/de\/wp-json\/wp\/v2\/comments?post=4716"}],"version-history":[{"count":1,"href":"https:\/\/spawellnessvenlo.nl\/de\/wp-json\/wp\/v2\/pages\/4716\/revisions"}],"predecessor-version":[{"id":9525,"href":"https:\/\/spawellnessvenlo.nl\/de\/wp-json\/wp\/v2\/pages\/4716\/revisions\/9525"}],"wp:featuredmedia":[{"embeddable":true,"href":"https:\/\/spawellnessvenlo.nl\/de\/wp-json\/wp\/v2\/media\/5820"}],"wp:attachment":[{"href":"https:\/\/spawellnessvenlo.nl\/de\/wp-json\/wp\/v2\/media?parent=4716"}],"curies":[{"name":"wp","href":"https:\/\/api.w.org\/{rel}","templated":true}]}}