{"id":4670,"date":"2023-01-21T14:37:37","date_gmt":"2023-01-21T13:37:37","guid":{"rendered":"http:\/\/spawellnessvenlo.nl\/hotel\/"},"modified":"2025-10-14T17:00:28","modified_gmt":"2025-10-14T15:00:28","slug":"private-sauna","status":"publish","type":"page","link":"https:\/\/spawellnessvenlo.nl\/de\/private-sauna\/","title":{"rendered":"Private Sauna"},"content":{"rendered":"\t\t<div data-elementor-type=\"wp-page\" data-elementor-id=\"4670\" class=\"elementor elementor-4670 elementor-908\" data-elementor-post-type=\"page\">\n\t\t\t\t\t\t<section class=\"elementor-section elementor-top-section elementor-element elementor-element-643a7ff elementor-section-height-min-height elementor-section-full_width elementor-section-height-default elementor-section-items-middle\" data-id=\"643a7ff\" data-element_type=\"section\" data-e-type=\"section\" data-settings=\"{&quot;background_background&quot;:&quot;slideshow&quot;,&quot;background_slideshow_gallery&quot;:[{&quot;id&quot;:6088,&quot;url&quot;:&quot;http:\\\/\\\/spawellnessvenlo.nl\\\/wp-content\\\/uploads\\\/2023\\\/02\\\/Spa-Wellness-Venlo-Nepal-Style-1.jpg&quot;},{&quot;id&quot;:6172,&quot;url&quot;:&quot;http:\\\/\\\/spawellnessvenlo.nl\\\/wp-content\\\/uploads\\\/2023\\\/02\\\/Spa-Wellness-Venlo-Japanese-Style-2.jpg&quot;},{&quot;id&quot;:6175,&quot;url&quot;:&quot;http:\\\/\\\/spawellnessvenlo.nl\\\/wp-content\\\/uploads\\\/2023\\\/02\\\/Spa-Wellness-Venlo-Japanese-Style-3.jpg&quot;},{&quot;id&quot;:6181,&quot;url&quot;:&quot;http:\\\/\\\/spawellnessvenlo.nl\\\/wp-content\\\/uploads\\\/2023\\\/02\\\/Spa-Wellness-Venlo-Japanese-Style-5.jpg&quot;},{&quot;id&quot;:6924,&quot;url&quot;:&quot;http:\\\/\\\/spawellnessvenlo.nl\\\/wp-content\\\/uploads\\\/2023\\\/02\\\/Spa-Wellness-Venlo-Nepal-Style-3.jpg&quot;},{&quot;id&quot;:6927,&quot;url&quot;:&quot;http:\\\/\\\/spawellnessvenlo.nl\\\/wp-content\\\/uploads\\\/2023\\\/02\\\/Spa-Wellness-Venlo-Nepal-Style-5.jpg&quot;}],&quot;animation_mobile&quot;:&quot;none&quot;,&quot;background_slideshow_slide_duration&quot;:10000,&quot;background_slideshow_transition_duration&quot;:1000,&quot;background_slideshow_loop&quot;:&quot;yes&quot;,&quot;background_slideshow_slide_transition&quot;:&quot;fade&quot;}\">\n\t\t\t\t\t\t\t<div class=\"elementor-background-overlay\"><\/div>\n\t\t\t\t\t\t\t<div class=\"elementor-container elementor-column-gap-default\">\n\t\t\t\t\t<div class=\"elementor-column elementor-col-100 elementor-top-column elementor-element elementor-element-e0d12c6 animated-slow elementor-invisible\" data-id=\"e0d12c6\" data-element_type=\"column\" data-e-type=\"column\" data-settings=\"{&quot;animation&quot;:&quot;fadeIn&quot;,&quot;animation_delay&quot;:0}\">\n\t\t\t<div class=\"elementor-widget-wrap elementor-element-populated\">\n\t\t\t\t\t\t<div class=\"elementor-element elementor-element-e5866b3 uael-heading-align-center animated-slow elementor-invisible elementor-widget elementor-widget-uael-advanced-heading\" data-id=\"e5866b3\" data-element_type=\"widget\" data-e-type=\"widget\" data-settings=\"{&quot;_animation&quot;:&quot;slideInDown&quot;}\" data-widget_type=\"uael-advanced-heading.default\">\n\t\t\t\t\t\t<div class=\"elementor-widget-container\">\n\t\t\t\t\t\n\t\t<div class=\"uael-module-content uael-heading-wrapper\">\n\t\t\t\t\t\t\n\t\t\t<h1 class=\"uael-heading\">\n\t\t\t\t\t\t\t\t\t<a href=\"#Seitenabschnitt\" >\n\t\t\t\t\t\t\t\t\t\t<span class=\"uael-heading-text elementor-inline-editing uael-size--default\" data-elementor-setting-key=\"heading_title\" data-elementor-inline-editing-toolbar=\"basic\">Private Sauna<\/span>\n\t\t\t\t\t\t\t\t\t<\/a>\n\t\t\t\t\t\t\t<\/h1>\n\n\t\t\t\n\t\t\t\t\t\t<div class=\"uael-module-content uael-separator-parent\">\n\t\t\t\t\t\t\t\t\t\t\t\t\t<div class=\"uael-separator\"><\/div>\n\t\t\t\t\t\t\t<\/div>\n\t\t\t\n\t\t\t\n\t\t\t\t\t\t<\/div>\n\t\t\t\t\t\t<\/div>\n\t\t\t\t<\/div>\n\t\t\t\t<div class=\"elementor-element elementor-element-22e6468 animated-slow elementor-invisible elementor-widget elementor-widget-text-editor\" data-id=\"22e6468\" data-element_type=\"widget\" data-e-type=\"widget\" data-settings=\"{&quot;_animation&quot;:&quot;fadeIn&quot;,&quot;_animation_delay&quot;:800}\" data-widget_type=\"text-editor.default\">\n\t\t\t\t\t\t<div class=\"elementor-widget-container\">\n\t\t\t\t\t\t\t\t\t<p>Ein Moment der Entspannung, f\u00fcr Sie allein oder zu zweit.<\/p>\n\t\t\t\t\t\t\t\t<\/div>\n\t\t\t\t<\/div>\n\t\t\t\t\t<\/div>\n\t\t<\/div>\n\t\t\t\t\t<\/div>\n\t\t<\/section>\n\t\t\t\t<section class=\"elementor-section elementor-top-section elementor-element elementor-element-b3f18c0 elementor-reverse-tablet elementor-reverse-mobile elementor-section-boxed elementor-section-height-default elementor-section-height-default\" data-id=\"b3f18c0\" data-element_type=\"section\" data-e-type=\"section\">\n\t\t\t\t\t\t<div class=\"elementor-container elementor-column-gap-default\">\n\t\t\t\t\t<div class=\"elementor-column elementor-col-100 elementor-top-column elementor-element elementor-element-cfd812d\" data-id=\"cfd812d\" data-element_type=\"column\" data-e-type=\"column\">\n\t\t\t<div class=\"elementor-widget-wrap elementor-element-populated\">\n\t\t\t\t\t\t<div class=\"elementor-element elementor-element-b247ab9 elementor-view-default elementor-widget elementor-widget-icon\" data-id=\"b247ab9\" data-element_type=\"widget\" data-e-type=\"widget\" data-settings=\"{&quot;sticky&quot;:&quot;bottom&quot;,&quot;sticky_parent&quot;:&quot;yes&quot;,&quot;motion_fx_motion_fx_mouse&quot;:&quot;yes&quot;,&quot;sticky_on&quot;:[&quot;desktop&quot;,&quot;laptop&quot;,&quot;tablet&quot;,&quot;mobile&quot;],&quot;sticky_offset&quot;:0,&quot;sticky_effects_offset&quot;:0,&quot;sticky_anchor_link_offset&quot;:0}\" data-widget_type=\"icon.default\">\n\t\t\t\t\t\t<div class=\"elementor-widget-container\">\n\t\t\t\t\t\t\t<div class=\"elementor-icon-wrapper\">\n\t\t\t<a class=\"elementor-icon elementor-animation-grow\" href=\"#Seitenabschnitt\">\n\t\t\t<i aria-hidden=\"true\" class=\"fas fa-angle-down\"><\/i>\t\t\t<\/a>\n\t\t<\/div>\n\t\t\t\t\t\t<\/div>\n\t\t\t\t<\/div>\n\t\t\t\t<div class=\"elementor-element elementor-element-c84456b elementor-widget elementor-widget-menu-anchor\" data-id=\"c84456b\" data-element_type=\"widget\" data-e-type=\"widget\" data-widget_type=\"menu-anchor.default\">\n\t\t\t\t\t\t<div class=\"elementor-widget-container\">\n\t\t\t\t\t\t\t<div class=\"elementor-menu-anchor\" id=\"Seitenabschnitt\"><\/div>\n\t\t\t\t\t\t<\/div>\n\t\t\t\t<\/div>\n\t\t\t\t\t<\/div>\n\t\t<\/div>\n\t\t\t\t\t<\/div>\n\t\t<\/section>\n\t\t\t\t<section class=\"elementor-section elementor-top-section elementor-element elementor-element-91a2135 elementor-section-boxed elementor-section-height-default elementor-section-height-default\" data-id=\"91a2135\" data-element_type=\"section\" data-e-type=\"section\">\n\t\t\t\t\t\t<div class=\"elementor-container elementor-column-gap-default\">\n\t\t\t\t\t<div class=\"elementor-column elementor-col-100 elementor-top-column elementor-element elementor-element-def0fea\" data-id=\"def0fea\" data-element_type=\"column\" data-e-type=\"column\">\n\t\t\t<div class=\"elementor-widget-wrap elementor-element-populated\">\n\t\t\t\t\t\t<div class=\"elementor-element elementor-element-7960c5c elementor-invisible elementor-widget elementor-widget-heading\" data-id=\"7960c5c\" data-element_type=\"widget\" data-e-type=\"widget\" data-settings=\"{&quot;_animation&quot;:&quot;fadeInUp&quot;}\" data-widget_type=\"heading.default\">\n\t\t\t\t\t\t<div class=\"elementor-widget-container\">\n\t\t\t\t\t<h2 class=\"elementor-heading-title elementor-size-default\">Die privaten Sauna-Suiten von Limburg und Umgebung<\/h2>\t\t\t\t<\/div>\n\t\t\t\t<\/div>\n\t\t\t\t<div class=\"elementor-element elementor-element-d306901 elementor-widget elementor-widget-text-editor\" data-id=\"d306901\" data-element_type=\"widget\" data-e-type=\"widget\" data-widget_type=\"text-editor.default\">\n\t\t\t\t\t\t<div class=\"elementor-widget-container\">\n\t\t\t\t\t\t\t\t\t<p>Entspannen Sie sich in Ihrer privaten Sauna-Suite. Genie\u00dfen Sie den Jetstream-Whirlpool, das Dampfbad, die Infrarotsauna, die finnische Sauna, die Klimaanlage und die anderen Einrichtungen!  <\/p>\n<p>Der ger\u00e4umige Whirlpool ist mit kr\u00e4ftigen Massaged\u00fcsen und Sprudelfunktionen ausgestattet, die f\u00fcr optimale Entspannung sorgen. Die ger\u00e4umige finnische Sauna ist auf 85\u00b0 eingestellt und kann mit Eukalyptusextrakt aufgegossen werden. Anschlie\u00dfend k\u00f6nnen Sie im ger\u00e4umigen und einfach zu bedienenden Dampfbad Dampf ablassen. Anstelle einer Infrarotkabine verf\u00fcgt dieses Personal Spa \u00fcber eine moderne Infrarotheizung, mit der Sie die Intensit\u00e4t Ihrer Sitzung steuern k\u00f6nnen. Vor und nach der Nutzung der Einrichtungen k\u00f6nnen Sie sich unter den ger\u00e4umigen Duschen erfrischen. Diese liefern sowohl hei\u00dfes als auch kaltes Wasser. Kurzum, es ist alles da f\u00fcr ein gro\u00dfartiges privates Erlebnis.<\/p>\n<p>Danach k\u00f6nnen Sie sich auf dem sch\u00f6nen Lounge-Bett oder in den gem\u00fctlichen Sitzecken entspannen. Hier k\u00f6nnen Sie auch einen leckeren Snack, den Sie im Voraus bestellen k\u00f6nnen, oder ein gek\u00fchltes Getr\u00e4nk aus der Minibar genie\u00dfen. \u00dcber den Fernseher k\u00f6nnen Sie verschiedene Streaming-Dienste f\u00fcr Musik, Filme, Serien oder sch\u00f6ne Hintergrundvideos abspielen, so dass Sie immer Ihre perfekte Atmosph\u00e4re schaffen k\u00f6nnen, und Sie k\u00f6nnen den Fernseher sowohl auf das Lounge-Bett als auch auf den Jetstream-Whirlpool richten, um ein optimales Sehvergn\u00fcgen zu haben. Handt\u00fccher, Badem\u00e4ntel, Hausschuhe und ein Haartrockner sind im Preis inbegriffen, ebenso wie Shampoo und K\u00f6rperpflegemittel. Kaffee und Tee sowie Getr\u00e4nke aus der Minibar k\u00f6nnen separat bezahlt werden. Beachten Sie dabei die normalen Verpflegungspreise. Sie d\u00fcrfen keine eigenen Erfrischungen mitbringen. Alles andere ist vorhanden und bereit f\u00fcr eine sorgenfreie Erfahrung, wir w\u00fcrden uns freuen, Sie in unserem sch\u00f6nen privaten Spa begr\u00fc\u00dfen zu d\u00fcrfen!<\/p>\n<p>Der Standort befindet sich in einem gr\u00f6\u00dferen \u00f6ffentlichen Wellnessbereich. Der Raum, den Sie mieten, ist v\u00f6llig privat und hat nat\u00fcrlich einen eigenen Eingang. Ihre Privatsph\u00e4re ist also absolut gew\u00e4hrleistet.<\/p>\n\t\t\t\t\t\t\t\t<\/div>\n\t\t\t\t<\/div>\n\t\t\t\t\t<\/div>\n\t\t<\/div>\n\t\t\t\t\t<\/div>\n\t\t<\/section>\n\t\t\t\t<section class=\"elementor-section elementor-top-section elementor-element elementor-element-cfde29f elementor-section-full_width elementor-section-height-default elementor-section-height-default\" data-id=\"cfde29f\" data-element_type=\"section\" data-e-type=\"section\" data-settings=\"{&quot;background_background&quot;:&quot;classic&quot;}\">\n\t\t\t\t\t\t<div class=\"elementor-container elementor-column-gap-default\">\n\t\t\t\t\t<div class=\"elementor-column elementor-col-50 elementor-top-column elementor-element elementor-element-ac6ba00\" data-id=\"ac6ba00\" data-element_type=\"column\" data-e-type=\"column\">\n\t\t\t<div class=\"elementor-widget-wrap elementor-element-populated\">\n\t\t\t\t\t\t<div class=\"elementor-element elementor-element-673f878 elementor-widget elementor-widget-text-editor\" data-id=\"673f878\" data-element_type=\"widget\" data-e-type=\"widget\" data-widget_type=\"text-editor.default\">\n\t\t\t\t\t\t<\/div>\n\t\t\t\t<div class=\"elementor-element elementor-element-33350d8 elementor-cta--skin-cover elementor-animated-content elementor-bg-transform elementor-bg-transform-zoom-in elementor-widget elementor-widget-call-to-action\" data-id=\"33350d8\" data-element_type=\"widget\" data-e-type=\"widget\" data-widget_type=\"call-to-action.default\">\n\t\t\t\t\t\t<div class=\"elementor-widget-container\">\n\t\t\t\t\t\t\t<a class=\"elementor-cta\" href=\"http:\/\/spawellnessvenlo.nl\/de\/hotel\/bali\/\">\n\t\t\t\t\t<div class=\"elementor-cta__bg-wrapper\">\n\t\t\t\t<div class=\"elementor-cta__bg elementor-bg\" style=\"background-image: url(https:\/\/spawellnessvenlo.nl\/wp-content\/uploads\/2023\/02\/Spa-Wellness-Venlo-Japanese-Style-5-1024x682.jpg);\" role=\"img\" aria-label=\"Spa Wellness Venlo - Japanese Style 5\"><\/div>\n\t\t\t\t<div class=\"elementor-cta__bg-overlay\"><\/div>\n\t\t\t<\/div>\n\t\t\t\t\t\t\t<div class=\"elementor-cta__content\">\n\t\t\t\t\n\t\t\t\t\t\t\t\t\t<h2 class=\"elementor-cta__title elementor-cta__content-item elementor-content-item elementor-animated-item--grow\">\n\t\t\t\t\t\tPrivate Sauna - Bali\t\t\t\t\t<\/h2>\n\t\t\t\t\n\t\t\t\t\t\t\t\t\t<div class=\"elementor-cta__description elementor-cta__content-item elementor-content-item elementor-animated-item--grow\">\n\t\t\t\t\t\t<p>Private Entspannung im balinesischen Stil<\/p>\n\t\t\t\t\t<\/div>\n\t\t\t\t\n\t\t\t\t\t\t\t\t\t<div class=\"elementor-cta__button-wrapper elementor-cta__content-item elementor-content-item elementor-animated-item--grow\">\n\t\t\t\t\t<span class=\"elementor-cta__button elementor-button elementor-size-\">\n\t\t\t\t\t\tMehr Infos\t\t\t\t\t<\/span>\n\t\t\t\t\t<\/div>\n\t\t\t\t\t\t\t<\/div>\n\t\t\t\t\t\t<\/a>\n\t\t\t\t\t\t<\/div>\n\t\t\t\t<\/div>\n\t\t\t\t\t<\/div>\n\t\t<\/div>\n\t\t\t\t<div class=\"elementor-column elementor-col-50 elementor-top-column elementor-element elementor-element-988af1c\" data-id=\"988af1c\" data-element_type=\"column\" data-e-type=\"column\">\n\t\t\t<div class=\"elementor-widget-wrap elementor-element-populated\">\n\t\t\t\t\t\t<div class=\"elementor-element elementor-element-4b71d19 elementor-widget elementor-widget-text-editor\" data-id=\"4b71d19\" data-element_type=\"widget\" data-e-type=\"widget\" data-widget_type=\"text-editor.default\">\n\t\t\t\t\t\t<\/div>\n\t\t\t\t<div class=\"elementor-element elementor-element-fe3a821 elementor-cta--skin-cover elementor-animated-content elementor-bg-transform elementor-bg-transform-zoom-in elementor-widget elementor-widget-call-to-action\" data-id=\"fe3a821\" data-element_type=\"widget\" data-e-type=\"widget\" data-widget_type=\"call-to-action.default\">\n\t\t\t\t\t\t<div class=\"elementor-widget-container\">\n\t\t\t\t\t\t\t<a class=\"elementor-cta\" href=\"http:\/\/spawellnessvenlo.nl\/de\/hotel\/java\/\">\n\t\t\t\t\t<div class=\"elementor-cta__bg-wrapper\">\n\t\t\t\t<div class=\"elementor-cta__bg elementor-bg\" style=\"background-image: url(https:\/\/spawellnessvenlo.nl\/wp-content\/uploads\/2023\/02\/Spa-Wellness-Venlo-Nepal-Style-1-1024x682.jpg);\" role=\"img\" aria-label=\"Spa Wellness Venlo - Nepal Style 1\"><\/div>\n\t\t\t\t<div class=\"elementor-cta__bg-overlay\"><\/div>\n\t\t\t<\/div>\n\t\t\t\t\t\t\t<div class=\"elementor-cta__content\">\n\t\t\t\t\n\t\t\t\t\t\t\t\t\t<h2 class=\"elementor-cta__title elementor-cta__content-item elementor-content-item elementor-animated-item--grow\">\n\t\t\t\t\t\tPrivate Sauna - Java\t\t\t\t\t<\/h2>\n\t\t\t\t\n\t\t\t\t\t\t\t\t\t<div class=\"elementor-cta__description elementor-cta__content-item elementor-content-item elementor-animated-item--grow\">\n\t\t\t\t\t\t<p>Private Entspannung im javanischen Stil<\/p>\n\t\t\t\t\t<\/div>\n\t\t\t\t\n\t\t\t\t\t\t\t\t\t<div class=\"elementor-cta__button-wrapper elementor-cta__content-item elementor-content-item elementor-animated-item--grow\">\n\t\t\t\t\t<span class=\"elementor-cta__button elementor-button elementor-size-\">\n\t\t\t\t\t\tMehr Infos\t\t\t\t\t<\/span>\n\t\t\t\t\t<\/div>\n\t\t\t\t\t\t\t<\/div>\n\t\t\t\t\t\t<\/a>\n\t\t\t\t\t\t<\/div>\n\t\t\t\t<\/div>\n\t\t\t\t\t<\/div>\n\t\t<\/div>\n\t\t\t\t\t<\/div>\n\t\t<\/section>\n\t\t\t\t<section class=\"elementor-section elementor-top-section elementor-element elementor-element-59e253b elementor-section-content-middle elementor-section-full_width elementor-section-height-default elementor-section-height-default\" data-id=\"59e253b\" data-element_type=\"section\" data-e-type=\"section\" data-settings=\"{&quot;background_background&quot;:&quot;classic&quot;}\">\n\t\t\t\t\t\t<div class=\"elementor-container elementor-column-gap-default\">\n\t\t\t\t\t<div class=\"elementor-column elementor-col-100 elementor-top-column elementor-element elementor-element-7a3f532\" data-id=\"7a3f532\" data-element_type=\"column\" data-e-type=\"column\" data-settings=\"{&quot;background_background&quot;:&quot;slideshow&quot;,&quot;background_slideshow_gallery&quot;:[],&quot;background_slideshow_loop&quot;:&quot;yes&quot;,&quot;background_slideshow_slide_duration&quot;:5000,&quot;background_slideshow_slide_transition&quot;:&quot;fade&quot;,&quot;background_slideshow_transition_duration&quot;:500}\">\n\t\t\t<div class=\"elementor-widget-wrap elementor-element-populated\">\n\t\t\t\t\t\t<div class=\"elementor-element elementor-element-bae4bfe elementor-widget elementor-widget-image\" data-id=\"bae4bfe\" data-element_type=\"widget\" data-e-type=\"widget\" data-widget_type=\"image.default\">\n\t\t\t\t\t\t<div class=\"elementor-widget-container\">\n\t\t\t\t\t\t\t\t\t\t\t\t\t\t\t<img fetchpriority=\"high\" decoding=\"async\" width=\"2000\" height=\"1333\" src=\"https:\/\/spawellnessvenlo.nl\/wp-content\/uploads\/2023\/02\/Spa-Wellness-Venlo-Japanese-Style-3.jpg\" class=\"attachment-full size-full wp-image-6177\" alt=\"\" srcset=\"https:\/\/spawellnessvenlo.nl\/wp-content\/uploads\/2023\/02\/Spa-Wellness-Venlo-Japanese-Style-3.jpg 2000w, https:\/\/spawellnessvenlo.nl\/wp-content\/uploads\/2023\/02\/Spa-Wellness-Venlo-Japanese-Style-3-300x200.jpg 300w, https:\/\/spawellnessvenlo.nl\/wp-content\/uploads\/2023\/02\/Spa-Wellness-Venlo-Japanese-Style-3-1024x682.jpg 1024w, https:\/\/spawellnessvenlo.nl\/wp-content\/uploads\/2023\/02\/Spa-Wellness-Venlo-Japanese-Style-3-768x512.jpg 768w, https:\/\/spawellnessvenlo.nl\/wp-content\/uploads\/2023\/02\/Spa-Wellness-Venlo-Japanese-Style-3-1536x1024.jpg 1536w\" sizes=\"(max-width: 2000px) 100vw, 2000px\" \/>\t\t\t\t\t\t\t\t\t\t\t\t\t\t\t<\/div>\n\t\t\t\t<\/div>\n\t\t\t\t<div class=\"elementor-element elementor-element-aea7482 elementor-widget elementor-widget-text-editor\" data-id=\"aea7482\" data-element_type=\"widget\" data-e-type=\"widget\" data-widget_type=\"text-editor.default\">\n\t\t\t\t\t\t<div class=\"elementor-widget-container\">\n\t\t\t\t\t\t\t\t\t<p><b>Bitte beachten Sie: <\/b>Das Mindestalter f\u00fcr den Zutritt zu diesem Veranstaltungsort betr\u00e4gt 18 Jahre, ausgenommen Familien (der Veranstaltungsort beh\u00e4lt sich das Recht vor, das Alter anhand des Personalausweises zu \u00fcberpr\u00fcfen).<\/p>\n\t\t\t\t\t\t\t\t<\/div>\n\t\t\t\t<\/div>\n\t\t\t\t\t<\/div>\n\t\t<\/div>\n\t\t\t\t\t<\/div>\n\t\t<\/section>\n\t\t\t\t<section class=\"elementor-section elementor-top-section elementor-element elementor-element-d2ec57d elementor-section-boxed elementor-section-height-default elementor-section-height-default\" data-id=\"d2ec57d\" data-element_type=\"section\" data-e-type=\"section\">\n\t\t\t\t\t\t<div class=\"elementor-container elementor-column-gap-default\">\n\t\t\t\t\t<div class=\"elementor-column elementor-col-100 elementor-top-column elementor-element elementor-element-ba7f7e0\" data-id=\"ba7f7e0\" data-element_type=\"column\" data-e-type=\"column\">\n\t\t\t<div class=\"elementor-widget-wrap\">\n\t\t\t\t\t\t\t<\/div>\n\t\t<\/div>\n\t\t\t\t\t<\/div>\n\t\t<\/section>\n\t\t\t\t<section class=\"elementor-section elementor-top-section elementor-element elementor-element-a0f2d7a elementor-section-boxed elementor-section-height-default elementor-section-height-default\" data-id=\"a0f2d7a\" data-element_type=\"section\" data-e-type=\"section\">\n\t\t\t\t\t\t<div class=\"elementor-container elementor-column-gap-default\">\n\t\t\t\t\t<div class=\"elementor-column elementor-col-100 elementor-top-column elementor-element elementor-element-09d4d00\" data-id=\"09d4d00\" data-element_type=\"column\" data-e-type=\"column\">\n\t\t\t<div class=\"elementor-widget-wrap elementor-element-populated\">\n\t\t\t\t\t\t<div class=\"elementor-element elementor-element-d299389 elementor-align-center elementor-widget elementor-widget-button\" data-id=\"d299389\" data-element_type=\"widget\" data-e-type=\"widget\" data-widget_type=\"button.default\">\n\t\t\t\t\t\t<div class=\"elementor-widget-container\">\n\t\t\t\t\t\t\t\t\t<div class=\"elementor-button-wrapper\">\n\t\t\t\t\t<a class=\"elementor-button elementor-button-link elementor-size-sm\" href=\"https:\/\/privesauna-venlo.nl\/landing\" target=\"_blank\" rel=\"noopener\">\n\t\t\t\t\t\t<span class=\"elementor-button-content-wrapper\">\n\t\t\t\t\t\t\t\t\t<span class=\"elementor-button-text\">Reservieren Sie eine private Sauna<\/span>\n\t\t\t\t\t<\/span>\n\t\t\t\t\t<\/a>\n\t\t\t\t<\/div>\n\t\t\t\t\t\t\t\t<\/div>\n\t\t\t\t<\/div>\n\t\t\t\t\t<\/div>\n\t\t<\/div>\n\t\t\t\t\t<\/div>\n\t\t<\/section>\n\t\t\t\t<\/div>\n\t\t","protected":false},"excerpt":{"rendered":"<p>Private Sauna Ein Moment der Entspannung, f\u00fcr Sie allein oder zu zweit. Die privaten Sauna-Suiten von Limburg und Umgebung Entspannen Sie sich in Ihrer privaten Sauna-Suite. Genie\u00dfen Sie den Jetstream-Whirlpool, das Dampfbad, die Infrarotsauna, die finnische Sauna, die Klimaanlage und die anderen Einrichtungen! Der ger\u00e4umige Whirlpool ist mit kr\u00e4ftigen Massaged\u00fcsen und Sprudelfunktionen ausgestattet, die f\u00fcr [&hellip;]<\/p>\n","protected":false},"author":2,"featured_media":4159,"parent":0,"menu_order":0,"comment_status":"closed","ping_status":"closed","template":"elementor_header_footer","meta":{"footnotes":""},"class_list":["post-4670","page","type-page","status-publish","has-post-thumbnail","hentry"],"_links":{"self":[{"href":"https:\/\/spawellnessvenlo.nl\/de\/wp-json\/wp\/v2\/pages\/4670","targetHints":{"allow":["GET"]}}],"collection":[{"href":"https:\/\/spawellnessvenlo.nl\/de\/wp-json\/wp\/v2\/pages"}],"about":[{"href":"https:\/\/spawellnessvenlo.nl\/de\/wp-json\/wp\/v2\/types\/page"}],"author":[{"embeddable":true,"href":"https:\/\/spawellnessvenlo.nl\/de\/wp-json\/wp\/v2\/users\/2"}],"replies":[{"embeddable":true,"href":"https:\/\/spawellnessvenlo.nl\/de\/wp-json\/wp\/v2\/comments?post=4670"}],"version-history":[{"count":5,"href":"https:\/\/spawellnessvenlo.nl\/de\/wp-json\/wp\/v2\/pages\/4670\/revisions"}],"predecessor-version":[{"id":10988,"href":"https:\/\/spawellnessvenlo.nl\/de\/wp-json\/wp\/v2\/pages\/4670\/revisions\/10988"}],"wp:featuredmedia":[{"embeddable":true,"href":"https:\/\/spawellnessvenlo.nl\/de\/wp-json\/wp\/v2\/media\/4159"}],"wp:attachment":[{"href":"https:\/\/spawellnessvenlo.nl\/de\/wp-json\/wp\/v2\/media?parent=4670"}],"curies":[{"name":"wp","href":"https:\/\/api.w.org\/{rel}","templated":true}]}}