{"id":4640,"date":"2023-01-21T14:52:54","date_gmt":"2023-01-21T13:52:54","guid":{"rendered":"http:\/\/spawellnessvenlo.nl\/hausordnung\/"},"modified":"2025-10-17T20:40:39","modified_gmt":"2025-10-17T18:40:39","slug":"hausordnung","status":"publish","type":"page","link":"https:\/\/spawellnessvenlo.nl\/de\/informationen\/hausordnung\/","title":{"rendered":"Hausordnung"},"content":{"rendered":"\t\t<div data-elementor-type=\"wp-page\" data-elementor-id=\"4640\" class=\"elementor elementor-4640 elementor-956\" data-elementor-post-type=\"page\">\n\t\t\t\t\t\t<section class=\"elementor-section elementor-top-section elementor-element elementor-element-3569ad4 elementor-section-height-min-height elementor-section-full_width elementor-section-height-default elementor-section-items-middle\" data-id=\"3569ad4\" data-element_type=\"section\" data-e-type=\"section\" data-settings=\"{&quot;background_background&quot;:&quot;slideshow&quot;,&quot;background_slideshow_gallery&quot;:[{&quot;id&quot;:804,&quot;url&quot;:&quot;http:\\\/\\\/spawellnessvenlo.nl\\\/wp-content\\\/uploads\\\/2023\\\/01\\\/Spabron-Wellness-Sauna-Beauty-Hotel-Oosterhesselen-Spabron-2000px.jpg&quot;}],&quot;motion_fx_motion_fx_scrolling&quot;:&quot;yes&quot;,&quot;background_slideshow_loop&quot;:&quot;yes&quot;,&quot;background_slideshow_slide_duration&quot;:5000,&quot;background_slideshow_slide_transition&quot;:&quot;fade&quot;,&quot;background_slideshow_transition_duration&quot;:500,&quot;motion_fx_devices&quot;:[&quot;desktop&quot;,&quot;laptop&quot;,&quot;tablet&quot;,&quot;mobile&quot;]}\">\n\t\t\t\t\t\t\t<div class=\"elementor-background-overlay\"><\/div>\n\t\t\t\t\t\t\t<div class=\"elementor-container elementor-column-gap-default\">\n\t\t\t\t\t<div class=\"elementor-column elementor-col-100 elementor-top-column elementor-element elementor-element-bd35485 animated-slow elementor-invisible\" data-id=\"bd35485\" data-element_type=\"column\" data-e-type=\"column\" data-settings=\"{&quot;animation&quot;:&quot;fadeIn&quot;,&quot;animation_delay&quot;:0}\">\n\t\t\t<div class=\"elementor-widget-wrap elementor-element-populated\">\n\t\t\t\t\t\t<div class=\"elementor-element elementor-element-5d8528a uael-heading-align-center animated-slow elementor-invisible elementor-widget elementor-widget-uael-advanced-heading\" data-id=\"5d8528a\" data-element_type=\"widget\" data-e-type=\"widget\" data-settings=\"{&quot;_animation&quot;:&quot;slideInDown&quot;}\" data-widget_type=\"uael-advanced-heading.default\">\n\t\t\t\t\t\t<div class=\"elementor-widget-container\">\n\t\t\t\t\t\n\t\t<div class=\"uael-module-content uael-heading-wrapper\">\n\t\t\t\t\t\t\n\t\t\t<h1 class=\"uael-heading\">\n\t\t\t\t\t\t\t\t\t\t<span class=\"uael-heading-text elementor-inline-editing uael-size--default\" data-elementor-setting-key=\"heading_title\" data-elementor-inline-editing-toolbar=\"basic\">Hausordnung<\/span>\n\t\t\t\t\t\t\t<\/h1>\n\n\t\t\t\n\t\t\t\t\t\t<div class=\"uael-module-content uael-separator-parent\">\n\t\t\t\t\t\t\t\t\t\t\t\t\t<div class=\"uael-separator\"><\/div>\n\t\t\t\t\t\t\t<\/div>\n\t\t\t\n\t\t\t\n\t\t\t\t\t\t<\/div>\n\t\t\t\t\t\t<\/div>\n\t\t\t\t<\/div>\n\t\t\t\t<div class=\"elementor-element elementor-element-ba71ed6 animated-slow elementor-invisible elementor-widget elementor-widget-text-editor\" data-id=\"ba71ed6\" data-element_type=\"widget\" data-e-type=\"widget\" data-settings=\"{&quot;_animation&quot;:&quot;fadeIn&quot;,&quot;_animation_delay&quot;:800}\" data-widget_type=\"text-editor.default\">\n\t\t\t\t\t\t<div class=\"elementor-widget-container\">\n\t\t\t\t\t\t\t\t\t<p>Um Ihren Aufenthalt in Spabron entspannend und angenehm zu gestalten, gelten bestimmte Hausregeln<\/p>\n\t\t\t\t\t\t\t\t<\/div>\n\t\t\t\t<\/div>\n\t\t\t\t\t<\/div>\n\t\t<\/div>\n\t\t\t\t\t<\/div>\n\t\t<\/section>\n\t\t\t\t<section class=\"elementor-section elementor-top-section elementor-element elementor-element-2b4efca elementor-section-full_width elementor-section-height-default elementor-section-height-default\" data-id=\"2b4efca\" data-element_type=\"section\" data-e-type=\"section\">\n\t\t\t\t\t\t<div class=\"elementor-container elementor-column-gap-default\">\n\t\t\t\t\t<div class=\"elementor-column elementor-col-100 elementor-top-column elementor-element elementor-element-80a3f10\" data-id=\"80a3f10\" data-element_type=\"column\" data-e-type=\"column\">\n\t\t\t<div class=\"elementor-widget-wrap elementor-element-populated\">\n\t\t\t\t\t\t<div class=\"elementor-element elementor-element-58473d7 elementor-view-default elementor-invisible elementor-widget elementor-widget-icon\" data-id=\"58473d7\" data-element_type=\"widget\" data-e-type=\"widget\" data-settings=\"{&quot;sticky&quot;:&quot;bottom&quot;,&quot;sticky_parent&quot;:&quot;yes&quot;,&quot;_animation&quot;:&quot;fadeInUp&quot;,&quot;sticky_on&quot;:[&quot;desktop&quot;,&quot;laptop&quot;,&quot;tablet&quot;,&quot;mobile&quot;],&quot;sticky_offset&quot;:0,&quot;sticky_effects_offset&quot;:0,&quot;sticky_anchor_link_offset&quot;:0}\" data-widget_type=\"icon.default\">\n\t\t\t\t\t\t<div class=\"elementor-widget-container\">\n\t\t\t\t\t\t\t<div class=\"elementor-icon-wrapper\">\n\t\t\t<a class=\"elementor-icon elementor-animation-grow\" href=\"#Seitenabschnitt\">\n\t\t\t<i aria-hidden=\"true\" class=\"fas fa-angle-down\"><\/i>\t\t\t<\/a>\n\t\t<\/div>\n\t\t\t\t\t\t<\/div>\n\t\t\t\t<\/div>\n\t\t\t\t<div class=\"elementor-element elementor-element-06e4d45 elementor-widget elementor-widget-menu-anchor\" data-id=\"06e4d45\" data-element_type=\"widget\" data-e-type=\"widget\" data-widget_type=\"menu-anchor.default\">\n\t\t\t\t\t\t<div class=\"elementor-widget-container\">\n\t\t\t\t\t\t\t<div class=\"elementor-menu-anchor\" id=\"Seitenabschnitt\"><\/div>\n\t\t\t\t\t\t<\/div>\n\t\t\t\t<\/div>\n\t\t\t\t\t<\/div>\n\t\t<\/div>\n\t\t\t\t\t<\/div>\n\t\t<\/section>\n\t\t\t\t<section class=\"elementor-section elementor-top-section elementor-element elementor-element-e0fbeec elementor-section-boxed elementor-section-height-default elementor-section-height-default\" data-id=\"e0fbeec\" data-element_type=\"section\" data-e-type=\"section\">\n\t\t\t\t\t\t<div class=\"elementor-container elementor-column-gap-default\">\n\t\t\t\t\t<div class=\"elementor-column elementor-col-100 elementor-top-column elementor-element elementor-element-7c71244\" data-id=\"7c71244\" data-element_type=\"column\" data-e-type=\"column\">\n\t\t\t<div class=\"elementor-widget-wrap elementor-element-populated\">\n\t\t\t\t\t\t<div class=\"elementor-element elementor-element-f3374ef elementor-widget elementor-widget-text-editor\" data-id=\"f3374ef\" data-element_type=\"widget\" data-e-type=\"widget\" data-widget_type=\"text-editor.default\">\n\t\t\t\t\t\t<div class=\"elementor-widget-container\">\n\t\t\t\t\t\t\t\t\t<h2>Hausordnung \/ Bedingungen<\/h2>\n<ol>\n<li>Wir bitten Sie, den Anweisungen des Personals stets Folge zu leisten.<\/li>\n<li>Bezahlen Sie vorzugsweise kontaktlos (Pin oder Handy).<\/li>\n<li>F\u00fcr einen angenehmen Aufenthalt ben\u00f6tigen Sie f\u00fcr den Saunabesuch: Hausschuhe (au\u00dferhalb der Saunakabinen obligatorisch), Handtuch zum Duschen, Badetuch zum Sitzen und Liegen in den Saunen und Liegest\u00fchle. Das Tragen eines Bademantels ist in den Ruhe- und Essbereichen obligatorisch. Sie k\u00f6nnen diese Artikel auch bei uns mieten.<\/li>\n<li>Um die Saunen und Ruher\u00e4ume in vollem Umfang nutzen zu k\u00f6nnen, bitten wir Sie, Ruhe zu bewahren und auf die anderen G\u00e4ste R\u00fccksicht zu nehmen.<\/li>\n<li>Um Ruhe und Sauberkeit zu wahren, sind nur Besucher willkommen, die einen positiven Beitrag zur Atmosph\u00e4re leisten.<\/li>\n<li>Aus hygienischen Gr\u00fcnden ist es in hei\u00dfen, trockenen Bereichen, einschlie\u00dflich der Saunen, obligatorisch, auf einem Handtuch Platz zu nehmen, wobei die F\u00fc\u00dfe ebenfalls auf dem Handtuch ruhen.<\/li>\n<li>Das Tragen von Badekleidung ist nicht erlaubt.<\/li>\n<li>Sie sollten Ihre pers\u00f6nlichen Gegenst\u00e4nde in Schlie\u00dff\u00e4chern aufbewahren.<\/li>\n<li>Spabron \u00fcbernimmt keine Haftung f\u00fcr Sch\u00e4den an Waren und\/oder Personen. Es sei denn, es liegt grobes Fehlverhalten oder Fahrl\u00e4ssigkeit vor.<\/li>\n<li>Saunabesuche k\u00f6nnen sich positiv auf Ihre Gesundheit auswirken. Wenn Sie jedoch Zweifel an der Einnahme von Medikamenten oder Erkrankungen haben, sollten Sie Ihren Arzt konsultieren.<\/li>\n<li>Wenn Sie unser Unternehmen besuchen, erkl\u00e4ren Sie sich mit unserer Hausordnung\/Gesch\u00e4ftsbedingungen einverstanden.<\/li>\n<li>Als Besucher sind Sie f\u00fcr alle Sch\u00e4den verantwortlich, die Sie an unserem Eigentum und dem anderer Besucher verursachen.<\/li>\n<li>Um die Ruhe zu bewahren, haben Kinder im Alter von 0 bis 8 Jahren keinen Zugang zu unseren Wellness-Einrichtungen. Kinder im Alter von 8 bis 16 Jahren&nbsp;haben nur in Begleitung eines Erwachsenen Zutritt und m\u00fcssen einen Schwimmschein besitzen.<\/li>\n<li>Der Verzehr von selbst mitgebrachten Speisen und Getr\u00e4nken ist nicht gestattet.<\/li>\n<li>Gl\u00e4ser, Teller, Besteck, Wasserflaschen aus Glas und \u00e4hnliche scharfe und\/oder zerbrechliche Gegenst\u00e4nde d\u00fcrfen nicht in die Saunen und\/oder B\u00e4der mitgenommen werden.<\/li>\n<li>St\u00f6rendes Verhalten, einschlie\u00dflich (aber nicht beschr\u00e4nkt auf) Intimit\u00e4ten, Aggression, Lautst\u00e4rke und Drogenkonsum, wird nicht toleriert. G\u00e4ste, die sich nicht daran halten, m\u00fcssen unsere R\u00e4umlichkeiten auf erste Aufforderung des Personals nach vollst\u00e4ndiger Bezahlung und ohne R\u00fcckerstattung verlassen.<\/li>\n<li>Das Personal ist befugt, Besuchern den Zugang zu verweigern oder zu verweigern.<\/li>\n<li>Alkohol und Sauna vertragen sich nicht gut. Das Personal ist zu Ihrer und unserer Sicherheit befugt, den Ausschank von Alkohol an G\u00e4ste zu verweigern, wenn es dies f\u00fcr unangemessen h\u00e4lt.<\/li>\n<li>Den Anweisungen des Personals ist Folge zu leisten.<\/li>\n<li>Es ist verboten, Bild- und\/oder Tonaufnahmen zu machen. Ger\u00e4te mit einer Kamera sind nirgendwo erlaubt.<\/li>\n<li>Sowohl in den Umkleidekabinen als auch im Wellnessbereich sind Mobiltelefone, Tablets, Kameras, Laptops und andere Ger\u00e4te, die Video-, Foto- und\/oder Audioaufnahmen machen k\u00f6nnen, nicht erlaubt. Wir tun dies, um Ihre Ruhe und Privatsph\u00e4re zu gew\u00e4hrleisten. Mobiltelefone und Tablets sollten ausgeschaltet und in Ihrem Spind, Zimmer oder Auto gelassen werden&nbsp;.<\/li>\n<li>Die Nutzung eines E-Readers ohne Kamera und Ton ist in den Ruher\u00e4umen und auf der Terrasse erlaubt.<\/li>\n<li>Um die Privatsph\u00e4re von Ihnen und allen anderen G\u00e4sten zu gew\u00e4hrleisten, d\u00fcrfen Sie keine Tasche in den Wellnessbereich mitnehmen. Es sind nur Taschen erlaubt, die vollst\u00e4ndig durchsichtig sind.<\/li>\n<li>Es ist nicht erlaubt, Fotos und\/oder Videoaufnahmen von G\u00e4sten oder Mitarbeitern von Spabron zu machen. Das Mitbringen von Ger\u00e4ten mit einer Funktion f\u00fcr Bild- oder Tonaufnahmen ist im gesamten Wellnessbereich verboten, um die Privatsph\u00e4re von Ihnen und anderen G\u00e4sten zu sch\u00fctzen.<\/li>\n<li>Die Verwendung anderer elektrischer Ger\u00e4te ist nicht gestattet. Auch Haarentfernung\/Rasieren ist nicht erlaubt.<\/li>\n<li>Das Tauchen oder Springen in Pools ist nicht erlaubt.<\/li>\n<li>Halten Sie Ihren Fl\u00fcssigkeitshaushalt durch das Trinken von Wasser aufrecht.<\/li>\n<li>Vor der Benutzung der Sauna und der B\u00e4der ist es obligatorisch zu duschen. Dies ist nicht nur hygienisch, sondern geh\u00f6rt auch zu einem gesunden Saunabesuch.<\/li>\n<li>L\u00f6yly, Aufguss oder Ausgie\u00dfen von Wasser und\/oder Duftessenzen d\u00fcrfen nur von Spabron-Mitarbeitern und mit von Spabron zur Verf\u00fcgung gestellten Mitteln durchgef\u00fchrt werden.<\/li>\n<li>Es ist nicht gestattet, Liegen, B\u00e4nke und St\u00fchle zu besetzen, ohne sie zu benutzen.<\/li>\n<li>Zu Ihrer und unserer Sicherheit kann es zu einer Videoaufzeichnung kommen.<\/li>\n<li>Das Rauchen oder die Verwendung von alternativen Rauchmaterialien ist nur in den ausgewiesenen Raucherbereichen erlaubt. Bei Zuwiderhandlung wird der Zugang zu unserem Wellness-Center und Hotel sofort verweigert. Hierf\u00fcr werden zus\u00e4tzlich zu den Kosten Ihres Aufenthalts 150 \u20ac f\u00fcr die Reinigungskosten berechnet.<\/li>\n<li>Stornierungsbedingungen f\u00fcr Hotelbuchungen \u00fcber das Buchungssystem Spabron:<br>* Bis 1 Woche vor dem Anreisedatum: Kostenlose Stornierung oder einmalige Umbuchung der Buchung.<br>* 7 bis 4 Tage vor dem Anreisedatum: Stornierung oder Verschiebung, wir berechnen eine Verwaltungsgeb\u00fchr von 25 \u20ac.<br>* 3 bis 2 Tage (72 bis 24 Stunden) vor dem Anreisedatum: 50% des Preises f\u00fcr die 1.<br>* Ab 1 Tag (24 Stunden) vor dem Anreisedatum: 100% des Preises f\u00fcr die 1.<\/li>\n<li>Stornierung einer Hotelbuchung aufgrund von Krankheit oder Grippe: Wenn Sie Ihre Hotelbuchung innerhalb von 7 Tagen vor der Ankunft in unserem Hotel stornieren m\u00f6chten, m\u00fcssen wir eine Stornogeb\u00fchr berechnen. Wenn Sie wegen Krankheit oder aus anderen Gr\u00fcnden stornieren m\u00fcssen, raten wir Ihnen, Ihre Reise-\/R\u00fccktrittsversicherung in Anspruch zu nehmen.<\/li>\n<li>Zur \u00c4nderung von Hotelreservierungen, die \u00fcber Dritte get\u00e4tigt wurden, empfehlen wir Ihnen, sich an den jeweiligen Anbieter zu wenden. Die \u00c4nderungs- und Stornierungsbedingungen variieren je nach Anbieter.<\/li>\n<li>Wenn Sie Ihre Reservierung f\u00fcr eine Sch\u00f6nheits- oder Massagebehandlung stornieren, gehen wir davon aus, dass Sie zu dem\/den gebuchten Zeitpunkt(en) anwesend sind. Wenn Sie nicht teilnehmen k\u00f6nnen, geben Sie uns bitte rechtzeitig Bescheid.<br>Reservierungen, die bis zu 4 Stunden vor Beginn storniert werden, werden kostenlos storniert oder verschoben.<br>F\u00fcr Reservierungen, die innerhalb von 4 Stunden vor Beginn der Veranstaltung storniert werden, und f\u00fcr das Nichterscheinen wird eine Stornogeb\u00fchr erhoben. Diese deckt 50 % der Gesamtkosten der reservierten Behandlung(en).<\/li>\n<\/ol>\t\t\t\t\t\t\t\t<\/div>\n\t\t\t\t<\/div>\n\t\t\t\t\t<\/div>\n\t\t<\/div>\n\t\t\t\t\t<\/div>\n\t\t<\/section>\n\t\t\t\t<\/div>\n\t\t","protected":false},"excerpt":{"rendered":"<p>Um Ihren Aufenthalt im Spa Wellness Venlo entspannt und angenehm zu gestalten, gelten bestimmte Hausregeln Hausordnung \/ Bedingungen Wir bitten Sie, den Anweisungen des Personals stets Folge zu leisten. Bezahlen Sie vorzugsweise kontaktlos (Pin oder Handy). F\u00fcr einen angenehmen Aufenthalt ben\u00f6tigen Sie f\u00fcr den Saunabesuch: Hausschuhe (au\u00dferhalb der Saunakabinen obligatorisch), Handtuch zum Duschen, Badetuch zum [&hellip;]<\/p>\n","protected":false},"author":2,"featured_media":4427,"parent":4716,"menu_order":0,"comment_status":"closed","ping_status":"closed","template":"elementor_header_footer","meta":{"footnotes":""},"class_list":["post-4640","page","type-page","status-publish","has-post-thumbnail","hentry"],"_links":{"self":[{"href":"https:\/\/spawellnessvenlo.nl\/de\/wp-json\/wp\/v2\/pages\/4640","targetHints":{"allow":["GET"]}}],"collection":[{"href":"https:\/\/spawellnessvenlo.nl\/de\/wp-json\/wp\/v2\/pages"}],"about":[{"href":"https:\/\/spawellnessvenlo.nl\/de\/wp-json\/wp\/v2\/types\/page"}],"author":[{"embeddable":true,"href":"https:\/\/spawellnessvenlo.nl\/de\/wp-json\/wp\/v2\/users\/2"}],"replies":[{"embeddable":true,"href":"https:\/\/spawellnessvenlo.nl\/de\/wp-json\/wp\/v2\/comments?post=4640"}],"version-history":[{"count":4,"href":"https:\/\/spawellnessvenlo.nl\/de\/wp-json\/wp\/v2\/pages\/4640\/revisions"}],"predecessor-version":[{"id":11066,"href":"https:\/\/spawellnessvenlo.nl\/de\/wp-json\/wp\/v2\/pages\/4640\/revisions\/11066"}],"up":[{"embeddable":true,"href":"https:\/\/spawellnessvenlo.nl\/de\/wp-json\/wp\/v2\/pages\/4716"}],"wp:featuredmedia":[{"embeddable":true,"href":"https:\/\/spawellnessvenlo.nl\/de\/wp-json\/wp\/v2\/media\/4427"}],"wp:attachment":[{"href":"https:\/\/spawellnessvenlo.nl\/de\/wp-json\/wp\/v2\/media?parent=4640"}],"curies":[{"name":"wp","href":"https:\/\/api.w.org\/{rel}","templated":true}]}}