{"id":12155,"date":"2025-11-25T12:59:12","date_gmt":"2025-11-25T11:59:12","guid":{"rendered":"https:\/\/spawellnessvenlo.nl\/quiz\/paket\/"},"modified":"2025-11-25T18:42:08","modified_gmt":"2025-11-25T17:42:08","slug":"paket","status":"publish","type":"page","link":"https:\/\/spawellnessvenlo.nl\/de\/quiz\/paket\/","title":{"rendered":"Paket"},"content":{"rendered":"\t\t<div data-elementor-type=\"wp-page\" data-elementor-id=\"12155\" class=\"elementor elementor-12155 elementor-12144\" data-elementor-post-type=\"page\">\n\t\t\t\t\t\t<section class=\"elementor-section elementor-top-section elementor-element elementor-element-4a48babf elementor-section-boxed elementor-section-height-default elementor-section-height-default\" data-id=\"4a48babf\" data-element_type=\"section\" data-e-type=\"section\">\n\t\t\t\t\t\t<div class=\"elementor-container elementor-column-gap-default\">\n\t\t\t\t\t<div class=\"elementor-column elementor-col-33 elementor-top-column elementor-element elementor-element-4326b66f\" data-id=\"4326b66f\" data-element_type=\"column\" data-e-type=\"column\">\n\t\t\t<div class=\"elementor-widget-wrap\">\n\t\t\t\t\t\t\t<\/div>\n\t\t<\/div>\n\t\t\t\t<div class=\"elementor-column elementor-col-33 elementor-top-column elementor-element elementor-element-317d0473 elementor-invisible\" data-id=\"317d0473\" data-element_type=\"column\" data-e-type=\"column\" data-settings=\"{&quot;background_background&quot;:&quot;classic&quot;,&quot;animation&quot;:&quot;slideInRight&quot;}\">\n\t\t\t<div class=\"elementor-widget-wrap elementor-element-populated\">\n\t\t\t\t\t\t<div class=\"elementor-element elementor-element-986e0da elementor-widget elementor-widget-image\" data-id=\"986e0da\" data-element_type=\"widget\" data-e-type=\"widget\" data-widget_type=\"image.default\">\n\t\t\t\t\t\t<div class=\"elementor-widget-container\">\n\t\t\t\t\t\t\t\t\t\t\t\t\t\t\t<img fetchpriority=\"high\" decoding=\"async\" width=\"800\" height=\"533\" src=\"https:\/\/spawellnessvenlo.nl\/wp-content\/uploads\/2025\/10\/vije-vijendranath-LUrZifUu_gU-unsplash.jpg\" class=\"attachment-large size-large wp-image-11411\" alt=\"\" srcset=\"https:\/\/spawellnessvenlo.nl\/wp-content\/uploads\/2025\/10\/vije-vijendranath-LUrZifUu_gU-unsplash.jpg 800w, https:\/\/spawellnessvenlo.nl\/wp-content\/uploads\/2025\/10\/vije-vijendranath-LUrZifUu_gU-unsplash-300x200.jpg 300w, https:\/\/spawellnessvenlo.nl\/wp-content\/uploads\/2025\/10\/vije-vijendranath-LUrZifUu_gU-unsplash-768x512.jpg 768w\" sizes=\"(max-width: 800px) 100vw, 800px\" \/>\t\t\t\t\t\t\t\t\t\t\t\t\t\t\t<\/div>\n\t\t\t\t<\/div>\n\t\t\t\t<div class=\"elementor-element elementor-element-5a3ff6ad animated-fast elementor-widget elementor-widget-text-editor\" data-id=\"5a3ff6ad\" data-element_type=\"widget\" data-e-type=\"widget\" data-settings=\"{&quot;_animation&quot;:&quot;none&quot;,&quot;_animation_delay&quot;:300}\" data-widget_type=\"text-editor.default\">\n\t\t\t\t\t\t<div class=\"elementor-widget-container\">\n\t\t\t\t\t\t\t\t\t<p><strong>Haben Sie schon von den besonders g\u00fcnstigen Paketen von Spa Wellness Venlo Gebrauch gemacht?<\/strong><\/p><p>A: Ja  <\/p><p>B: Niemals<\/p><p>(Tipp! Schauen Sie sich die neuen Pakete f\u00fcr einen extra g\u00fcnstigen Wellnesstag an)<\/p>\t\t\t\t\t\t\t\t<\/div>\n\t\t\t\t<\/div>\n\t\t\t\t<section class=\"elementor-section elementor-inner-section elementor-element elementor-element-3c3343d2 elementor-section-content-middle elementor-section-boxed elementor-section-height-default elementor-section-height-default\" data-id=\"3c3343d2\" data-element_type=\"section\" data-e-type=\"section\" data-settings=\"{&quot;animation&quot;:&quot;none&quot;}\">\n\t\t\t\t\t\t<div class=\"elementor-container elementor-column-gap-narrow\">\n\t\t\t\t\t<div class=\"elementor-column elementor-col-50 elementor-inner-column elementor-element elementor-element-30d44ab7\" data-id=\"30d44ab7\" data-element_type=\"column\" data-e-type=\"column\">\n\t\t\t<div class=\"elementor-widget-wrap elementor-element-populated\">\n\t\t\t\t\t\t<div class=\"elementor-element elementor-element-2ebc57ab elementor-align-center animated-fast elementor-invisible elementor-widget elementor-widget-button\" data-id=\"2ebc57ab\" data-element_type=\"widget\" data-e-type=\"widget\" data-settings=\"{&quot;_animation&quot;:&quot;fadeInUp&quot;,&quot;_animation_delay&quot;:500}\" data-widget_type=\"button.default\">\n\t\t\t\t\t\t<div class=\"elementor-widget-container\">\n\t\t\t\t\t\t\t\t\t<div class=\"elementor-button-wrapper\">\n\t\t\t\t\t<a class=\"elementor-button elementor-button-link elementor-size-sm\" href=\"https:\/\/spawellnessvenlo.nl\/de\/quiz\/massage\/\">\n\t\t\t\t\t\t<span class=\"elementor-button-content-wrapper\">\n\t\t\t\t\t\t\t\t\t<span class=\"elementor-button-text\">A<\/span>\n\t\t\t\t\t<\/span>\n\t\t\t\t\t<\/a>\n\t\t\t\t<\/div>\n\t\t\t\t\t\t\t\t<\/div>\n\t\t\t\t<\/div>\n\t\t\t\t\t<\/div>\n\t\t<\/div>\n\t\t\t\t<div class=\"elementor-column elementor-col-50 elementor-inner-column elementor-element elementor-element-979f5ec\" data-id=\"979f5ec\" data-element_type=\"column\" data-e-type=\"column\">\n\t\t\t<div class=\"elementor-widget-wrap elementor-element-populated\">\n\t\t\t\t\t\t<div class=\"elementor-element elementor-element-78a75da3 elementor-align-center animated-fast elementor-invisible elementor-widget elementor-widget-button\" data-id=\"78a75da3\" data-element_type=\"widget\" data-e-type=\"widget\" data-settings=\"{&quot;_animation&quot;:&quot;fadeInUp&quot;,&quot;_animation_delay&quot;:1000}\" data-widget_type=\"button.default\">\n\t\t\t\t\t\t<div class=\"elementor-widget-container\">\n\t\t\t\t\t\t\t\t\t<div class=\"elementor-button-wrapper\">\n\t\t\t\t\t<a class=\"elementor-button elementor-button-link elementor-size-sm\" href=\"https:\/\/spawellnessvenlo.nl\/de\/quiz\/massage\/\">\n\t\t\t\t\t\t<span class=\"elementor-button-content-wrapper\">\n\t\t\t\t\t\t\t\t\t<span class=\"elementor-button-text\">b<\/span>\n\t\t\t\t\t<\/span>\n\t\t\t\t\t<\/a>\n\t\t\t\t<\/div>\n\t\t\t\t\t\t\t\t<\/div>\n\t\t\t\t<\/div>\n\t\t\t\t\t<\/div>\n\t\t<\/div>\n\t\t\t\t\t<\/div>\n\t\t<\/section>\n\t\t\t\t\t<\/div>\n\t\t<\/div>\n\t\t\t\t<div class=\"elementor-column elementor-col-33 elementor-top-column elementor-element elementor-element-3e3f7295\" data-id=\"3e3f7295\" data-element_type=\"column\" data-e-type=\"column\">\n\t\t\t<div class=\"elementor-widget-wrap\">\n\t\t\t\t\t\t\t<\/div>\n\t\t<\/div>\n\t\t\t\t\t<\/div>\n\t\t<\/section>\n\t\t\t\t<section class=\"elementor-section elementor-top-section elementor-element elementor-element-19edbb8e elementor-section-boxed elementor-section-height-default elementor-section-height-default elementor-invisible\" data-id=\"19edbb8e\" data-element_type=\"section\" data-e-type=\"section\" data-settings=\"{&quot;animation&quot;:&quot;slideInUp&quot;,&quot;animation_delay&quot;:3000}\">\n\t\t\t\t\t\t<div class=\"elementor-container elementor-column-gap-default\">\n\t\t\t\t\t<div class=\"elementor-column elementor-col-33 elementor-top-column elementor-element elementor-element-360dd658\" data-id=\"360dd658\" data-element_type=\"column\" data-e-type=\"column\">\n\t\t\t<div class=\"elementor-widget-wrap\">\n\t\t\t\t\t\t\t<\/div>\n\t\t<\/div>\n\t\t\t\t<div class=\"elementor-column elementor-col-33 elementor-top-column elementor-element elementor-element-6d6f8e17\" data-id=\"6d6f8e17\" data-element_type=\"column\" data-e-type=\"column\">\n\t\t\t<div class=\"elementor-widget-wrap elementor-element-populated\">\n\t\t\t\t\t\t<div class=\"elementor-element elementor-element-387be7b elementor-widget elementor-widget-progress\" data-id=\"387be7b\" data-element_type=\"widget\" data-e-type=\"widget\" data-widget_type=\"progress.default\">\n\t\t\t\t\t\t<div class=\"elementor-widget-container\">\n\t\t\t\t\t\n\t\t<div class=\"elementor-progress-wrapper\" role=\"progressbar\" aria-valuemin=\"0\" aria-valuemax=\"100\" aria-valuenow=\"60\" aria-valuetext=\"60% (QUIZ)\">\n\t\t\t<div class=\"elementor-progress-bar\" data-max=\"60\">\n\t\t\t\t<span class=\"elementor-progress-text\">QUIZ<\/span>\n\t\t\t\t\t\t\t\t\t<span class=\"elementor-progress-percentage\">60%<\/span>\n\t\t\t\t\t\t\t<\/div>\n\t\t<\/div>\n\t\t\t\t\t\t<\/div>\n\t\t\t\t<\/div>\n\t\t\t\t\t<\/div>\n\t\t<\/div>\n\t\t\t\t<div class=\"elementor-column elementor-col-33 elementor-top-column elementor-element elementor-element-2554b888\" data-id=\"2554b888\" data-element_type=\"column\" data-e-type=\"column\">\n\t\t\t<div class=\"elementor-widget-wrap\">\n\t\t\t\t\t\t\t<\/div>\n\t\t<\/div>\n\t\t\t\t\t<\/div>\n\t\t<\/section>\n\t\t\t\t<section class=\"elementor-section elementor-top-section elementor-element elementor-element-1671f19 elementor-section-boxed elementor-section-height-default elementor-section-height-default\" data-id=\"1671f19\" data-element_type=\"section\" data-e-type=\"section\">\n\t\t\t\t\t\t<div class=\"elementor-container elementor-column-gap-default\">\n\t\t\t\t\t<div class=\"elementor-column elementor-col-100 elementor-top-column elementor-element elementor-element-75dc3486\" data-id=\"75dc3486\" data-element_type=\"column\" data-e-type=\"column\">\n\t\t\t<div class=\"elementor-widget-wrap elementor-element-populated\">\n\t\t\t\t\t\t<div class=\"elementor-element elementor-element-178cd41a elementor-widget elementor-widget-text-editor\" data-id=\"178cd41a\" data-element_type=\"widget\" data-e-type=\"widget\" data-widget_type=\"text-editor.default\">\n\t\t\t\t\t\t<\/div>\n\t\t\t\t\t<\/div>\n\t\t<\/div>\n\t\t\t\t\t<\/div>\n\t\t<\/section>\n\t\t\t\t<\/div>\n\t\t","protected":false},"excerpt":{"rendered":"<p>Haben Sie schon von den besonders g\u00fcnstigen Paketen von Spa Wellness Venlo Gebrauch gemacht? A: Ja B: Niemals (Tipp! Schauen Sie sich die neuen Pakete f\u00fcr einen extra g\u00fcnstigen Wellnesstag an) A b QUIZ 60%<\/p>\n","protected":false},"author":2,"featured_media":0,"parent":11886,"menu_order":0,"comment_status":"closed","ping_status":"closed","template":"elementor_header_footer","meta":{"footnotes":""},"class_list":["post-12155","page","type-page","status-publish","hentry"],"_links":{"self":[{"href":"https:\/\/spawellnessvenlo.nl\/de\/wp-json\/wp\/v2\/pages\/12155","targetHints":{"allow":["GET"]}}],"collection":[{"href":"https:\/\/spawellnessvenlo.nl\/de\/wp-json\/wp\/v2\/pages"}],"about":[{"href":"https:\/\/spawellnessvenlo.nl\/de\/wp-json\/wp\/v2\/types\/page"}],"author":[{"embeddable":true,"href":"https:\/\/spawellnessvenlo.nl\/de\/wp-json\/wp\/v2\/users\/2"}],"replies":[{"embeddable":true,"href":"https:\/\/spawellnessvenlo.nl\/de\/wp-json\/wp\/v2\/comments?post=12155"}],"version-history":[{"count":5,"href":"https:\/\/spawellnessvenlo.nl\/de\/wp-json\/wp\/v2\/pages\/12155\/revisions"}],"predecessor-version":[{"id":12612,"href":"https:\/\/spawellnessvenlo.nl\/de\/wp-json\/wp\/v2\/pages\/12155\/revisions\/12612"}],"up":[{"embeddable":true,"href":"https:\/\/spawellnessvenlo.nl\/de\/wp-json\/wp\/v2\/pages\/11886"}],"wp:attachment":[{"href":"https:\/\/spawellnessvenlo.nl\/de\/wp-json\/wp\/v2\/media?parent=12155"}],"curies":[{"name":"wp","href":"https:\/\/api.w.org\/{rel}","templated":true}]}}