{"id":12112,"date":"2025-11-25T12:41:00","date_gmt":"2025-11-25T11:41:00","guid":{"rendered":"https:\/\/spawellnessvenlo.nl\/quiz\/sauna-fakten\/"},"modified":"2025-11-25T16:44:24","modified_gmt":"2025-11-25T15:44:24","slug":"sauna-fakten","status":"publish","type":"page","link":"https:\/\/spawellnessvenlo.nl\/de\/quiz\/sauna-fakten\/","title":{"rendered":"Sauna Fakten"},"content":{"rendered":"\t\t<div data-elementor-type=\"wp-page\" data-elementor-id=\"12112\" class=\"elementor elementor-12112 elementor-12095\" data-elementor-post-type=\"page\">\n\t\t\t\t\t\t<section class=\"elementor-section elementor-top-section elementor-element elementor-element-36cdd60f elementor-section-boxed elementor-section-height-default elementor-section-height-default\" data-id=\"36cdd60f\" data-element_type=\"section\" data-e-type=\"section\">\n\t\t\t\t\t\t<div class=\"elementor-container elementor-column-gap-default\">\n\t\t\t\t\t<div class=\"elementor-column elementor-col-33 elementor-top-column elementor-element elementor-element-68a9337b\" data-id=\"68a9337b\" data-element_type=\"column\" data-e-type=\"column\">\n\t\t\t<div class=\"elementor-widget-wrap\">\n\t\t\t\t\t\t\t<\/div>\n\t\t<\/div>\n\t\t\t\t<div class=\"elementor-column elementor-col-33 elementor-top-column elementor-element elementor-element-5b1240f0 elementor-invisible\" data-id=\"5b1240f0\" data-element_type=\"column\" data-e-type=\"column\" data-settings=\"{&quot;background_background&quot;:&quot;classic&quot;,&quot;animation&quot;:&quot;slideInRight&quot;}\">\n\t\t\t<div class=\"elementor-widget-wrap elementor-element-populated\">\n\t\t\t\t\t\t<div class=\"elementor-element elementor-element-25a45b32 elementor-widget elementor-widget-image\" data-id=\"25a45b32\" data-element_type=\"widget\" data-e-type=\"widget\" data-widget_type=\"image.default\">\n\t\t\t\t\t\t<div class=\"elementor-widget-container\">\n\t\t\t\t\t\t\t\t\t\t\t\t\t\t\t<img fetchpriority=\"high\" decoding=\"async\" width=\"800\" height=\"555\" src=\"https:\/\/spawellnessvenlo.nl\/wp-content\/uploads\/2025\/11\/PHOTO-2025-06-05-21-02-11-4-1024x711.jpg\" class=\"attachment-large size-large wp-image-12132\" alt=\"\" srcset=\"https:\/\/spawellnessvenlo.nl\/wp-content\/uploads\/2025\/11\/PHOTO-2025-06-05-21-02-11-4-1024x711.jpg 1024w, https:\/\/spawellnessvenlo.nl\/wp-content\/uploads\/2025\/11\/PHOTO-2025-06-05-21-02-11-4-300x208.jpg 300w, https:\/\/spawellnessvenlo.nl\/wp-content\/uploads\/2025\/11\/PHOTO-2025-06-05-21-02-11-4-768x533.jpg 768w, https:\/\/spawellnessvenlo.nl\/wp-content\/uploads\/2025\/11\/PHOTO-2025-06-05-21-02-11-4-1536x1067.jpg 1536w, https:\/\/spawellnessvenlo.nl\/wp-content\/uploads\/2025\/11\/PHOTO-2025-06-05-21-02-11-4.jpg 1600w\" sizes=\"(max-width: 800px) 100vw, 800px\" \/>\t\t\t\t\t\t\t\t\t\t\t\t\t\t\t<\/div>\n\t\t\t\t<\/div>\n\t\t\t\t<div class=\"elementor-element elementor-element-3de7e5d4 animated-fast elementor-widget elementor-widget-text-editor\" data-id=\"3de7e5d4\" data-element_type=\"widget\" data-e-type=\"widget\" data-settings=\"{&quot;_animation&quot;:&quot;none&quot;,&quot;_animation_delay&quot;:300}\" data-widget_type=\"text-editor.default\">\n\t\t\t\t\t\t<div class=\"elementor-widget-container\">\n\t\t\t\t\t\t\t\t\t<p><strong>Ich genie\u00dfe es, w\u00e4hrend meines Wellness-Tages an Infusionen teilzunehmen.<\/strong><\/p><p>A: Ja, sehr sch\u00f6n!<\/p><p>B: Gelegentlich<\/p><p>C: Castings sind nicht mein Ding<br> <\/p>\t\t\t\t\t\t\t\t<\/div>\n\t\t\t\t<\/div>\n\t\t\t\t<section class=\"elementor-section elementor-inner-section elementor-element elementor-element-336ca0 elementor-section-content-middle elementor-section-boxed elementor-section-height-default elementor-section-height-default\" data-id=\"336ca0\" data-element_type=\"section\" data-e-type=\"section\" data-settings=\"{&quot;animation&quot;:&quot;none&quot;}\">\n\t\t\t\t\t\t<div class=\"elementor-container elementor-column-gap-narrow\">\n\t\t\t\t\t<div class=\"elementor-column elementor-col-33 elementor-inner-column elementor-element elementor-element-620ade17\" data-id=\"620ade17\" data-element_type=\"column\" data-e-type=\"column\">\n\t\t\t<div class=\"elementor-widget-wrap elementor-element-populated\">\n\t\t\t\t\t\t<div class=\"elementor-element elementor-element-37d28ba0 elementor-align-center animated-fast elementor-invisible elementor-widget elementor-widget-button\" data-id=\"37d28ba0\" data-element_type=\"widget\" data-e-type=\"widget\" data-settings=\"{&quot;_animation&quot;:&quot;fadeInUp&quot;,&quot;_animation_delay&quot;:500}\" data-widget_type=\"button.default\">\n\t\t\t\t\t\t<div class=\"elementor-widget-container\">\n\t\t\t\t\t\t\t\t\t<div class=\"elementor-button-wrapper\">\n\t\t\t\t\t<a class=\"elementor-button elementor-button-link elementor-size-sm\" href=\"https:\/\/spawellnessvenlo.nl\/de\/quiz\/babor-2\/\">\n\t\t\t\t\t\t<span class=\"elementor-button-content-wrapper\">\n\t\t\t\t\t\t\t\t\t<span class=\"elementor-button-text\">A<\/span>\n\t\t\t\t\t<\/span>\n\t\t\t\t\t<\/a>\n\t\t\t\t<\/div>\n\t\t\t\t\t\t\t\t<\/div>\n\t\t\t\t<\/div>\n\t\t\t\t\t<\/div>\n\t\t<\/div>\n\t\t\t\t<div class=\"elementor-column elementor-col-33 elementor-inner-column elementor-element elementor-element-7dbd6b89\" data-id=\"7dbd6b89\" data-element_type=\"column\" data-e-type=\"column\">\n\t\t\t<div class=\"elementor-widget-wrap elementor-element-populated\">\n\t\t\t\t\t\t<div class=\"elementor-element elementor-element-48dc7891 elementor-align-center animated-fast elementor-invisible elementor-widget elementor-widget-button\" data-id=\"48dc7891\" data-element_type=\"widget\" data-e-type=\"widget\" data-settings=\"{&quot;_animation&quot;:&quot;fadeInUp&quot;,&quot;_animation_delay&quot;:1000}\" data-widget_type=\"button.default\">\n\t\t\t\t\t\t<div class=\"elementor-widget-container\">\n\t\t\t\t\t\t\t\t\t<div class=\"elementor-button-wrapper\">\n\t\t\t\t\t<a class=\"elementor-button elementor-button-link elementor-size-sm\" href=\"https:\/\/spawellnessvenlo.nl\/de\/quiz\/babor-2\/\">\n\t\t\t\t\t\t<span class=\"elementor-button-content-wrapper\">\n\t\t\t\t\t\t\t\t\t<span class=\"elementor-button-text\">b<\/span>\n\t\t\t\t\t<\/span>\n\t\t\t\t\t<\/a>\n\t\t\t\t<\/div>\n\t\t\t\t\t\t\t\t<\/div>\n\t\t\t\t<\/div>\n\t\t\t\t\t<\/div>\n\t\t<\/div>\n\t\t\t\t<div class=\"elementor-column elementor-col-33 elementor-inner-column elementor-element elementor-element-293f088d\" data-id=\"293f088d\" data-element_type=\"column\" data-e-type=\"column\">\n\t\t\t<div class=\"elementor-widget-wrap elementor-element-populated\">\n\t\t\t\t\t\t<div class=\"elementor-element elementor-element-4ac1cba8 elementor-align-center animated-fast elementor-invisible elementor-widget elementor-widget-button\" data-id=\"4ac1cba8\" data-element_type=\"widget\" data-e-type=\"widget\" data-settings=\"{&quot;_animation&quot;:&quot;fadeInUp&quot;,&quot;_animation_delay&quot;:1500}\" data-widget_type=\"button.default\">\n\t\t\t\t\t\t<div class=\"elementor-widget-container\">\n\t\t\t\t\t\t\t\t\t<div class=\"elementor-button-wrapper\">\n\t\t\t\t\t<a class=\"elementor-button elementor-button-link elementor-size-sm\" href=\"https:\/\/spawellnessvenlo.nl\/de\/quiz\/babor-2\/\">\n\t\t\t\t\t\t<span class=\"elementor-button-content-wrapper\">\n\t\t\t\t\t\t\t\t\t<span class=\"elementor-button-text\">c<\/span>\n\t\t\t\t\t<\/span>\n\t\t\t\t\t<\/a>\n\t\t\t\t<\/div>\n\t\t\t\t\t\t\t\t<\/div>\n\t\t\t\t<\/div>\n\t\t\t\t\t<\/div>\n\t\t<\/div>\n\t\t\t\t\t<\/div>\n\t\t<\/section>\n\t\t\t\t\t<\/div>\n\t\t<\/div>\n\t\t\t\t<div class=\"elementor-column elementor-col-33 elementor-top-column elementor-element elementor-element-32ae9294\" data-id=\"32ae9294\" data-element_type=\"column\" data-e-type=\"column\">\n\t\t\t<div class=\"elementor-widget-wrap\">\n\t\t\t\t\t\t\t<\/div>\n\t\t<\/div>\n\t\t\t\t\t<\/div>\n\t\t<\/section>\n\t\t\t\t<section class=\"elementor-section elementor-top-section elementor-element elementor-element-32f192a0 elementor-section-boxed elementor-section-height-default elementor-section-height-default elementor-invisible\" data-id=\"32f192a0\" data-element_type=\"section\" data-e-type=\"section\" data-settings=\"{&quot;animation&quot;:&quot;slideInUp&quot;,&quot;animation_delay&quot;:4000}\">\n\t\t\t\t\t\t<div class=\"elementor-container elementor-column-gap-default\">\n\t\t\t\t\t<div class=\"elementor-column elementor-col-33 elementor-top-column elementor-element elementor-element-477d3eee\" data-id=\"477d3eee\" data-element_type=\"column\" data-e-type=\"column\">\n\t\t\t<div class=\"elementor-widget-wrap\">\n\t\t\t\t\t\t\t<\/div>\n\t\t<\/div>\n\t\t\t\t<div class=\"elementor-column elementor-col-33 elementor-top-column elementor-element elementor-element-58b11be6\" data-id=\"58b11be6\" data-element_type=\"column\" data-e-type=\"column\">\n\t\t\t<div class=\"elementor-widget-wrap elementor-element-populated\">\n\t\t\t\t\t\t<div class=\"elementor-element elementor-element-181e56a5 elementor-widget elementor-widget-progress\" data-id=\"181e56a5\" data-element_type=\"widget\" data-e-type=\"widget\" data-widget_type=\"progress.default\">\n\t\t\t\t\t\t<div class=\"elementor-widget-container\">\n\t\t\t\t\t\n\t\t<div class=\"elementor-progress-wrapper\" role=\"progressbar\" aria-valuemin=\"0\" aria-valuemax=\"100\" aria-valuenow=\"30\" aria-valuetext=\"30% (QUIZ)\">\n\t\t\t<div class=\"elementor-progress-bar\" data-max=\"30\">\n\t\t\t\t<span class=\"elementor-progress-text\">QUIZ<\/span>\n\t\t\t\t\t\t\t\t\t<span class=\"elementor-progress-percentage\">30%<\/span>\n\t\t\t\t\t\t\t<\/div>\n\t\t<\/div>\n\t\t\t\t\t\t<\/div>\n\t\t\t\t<\/div>\n\t\t\t\t\t<\/div>\n\t\t<\/div>\n\t\t\t\t<div class=\"elementor-column elementor-col-33 elementor-top-column elementor-element elementor-element-54bcafa8\" data-id=\"54bcafa8\" data-element_type=\"column\" data-e-type=\"column\">\n\t\t\t<div class=\"elementor-widget-wrap\">\n\t\t\t\t\t\t\t<\/div>\n\t\t<\/div>\n\t\t\t\t\t<\/div>\n\t\t<\/section>\n\t\t\t\t<section class=\"elementor-section elementor-top-section elementor-element elementor-element-2aad9590 elementor-section-boxed elementor-section-height-default elementor-section-height-default\" data-id=\"2aad9590\" data-element_type=\"section\" data-e-type=\"section\">\n\t\t\t\t\t\t<div class=\"elementor-container elementor-column-gap-default\">\n\t\t\t\t\t<div class=\"elementor-column elementor-col-100 elementor-top-column elementor-element elementor-element-1109aad4\" data-id=\"1109aad4\" data-element_type=\"column\" data-e-type=\"column\">\n\t\t\t<div class=\"elementor-widget-wrap elementor-element-populated\">\n\t\t\t\t\t\t<div class=\"elementor-element elementor-element-42d2eec8 elementor-widget elementor-widget-text-editor\" data-id=\"42d2eec8\" data-element_type=\"widget\" data-e-type=\"widget\" data-widget_type=\"text-editor.default\">\n\t\t\t\t\t\t<\/div>\n\t\t\t\t\t<\/div>\n\t\t<\/div>\n\t\t\t\t\t<\/div>\n\t\t<\/section>\n\t\t\t\t<\/div>\n\t\t","protected":false},"excerpt":{"rendered":"<p>Ich genie\u00dfe es, w\u00e4hrend meines Wellness-Tages an Infusionen teilzunehmen. A: Ja, sehr sch\u00f6n! B: Gelegentlich C: Castings sind nicht mein Ding A b c QUIZ 30%<\/p>\n","protected":false},"author":2,"featured_media":0,"parent":11886,"menu_order":0,"comment_status":"closed","ping_status":"closed","template":"elementor_header_footer","meta":{"footnotes":""},"class_list":["post-12112","page","type-page","status-publish","hentry"],"_links":{"self":[{"href":"https:\/\/spawellnessvenlo.nl\/de\/wp-json\/wp\/v2\/pages\/12112","targetHints":{"allow":["GET"]}}],"collection":[{"href":"https:\/\/spawellnessvenlo.nl\/de\/wp-json\/wp\/v2\/pages"}],"about":[{"href":"https:\/\/spawellnessvenlo.nl\/de\/wp-json\/wp\/v2\/types\/page"}],"author":[{"embeddable":true,"href":"https:\/\/spawellnessvenlo.nl\/de\/wp-json\/wp\/v2\/users\/2"}],"replies":[{"embeddable":true,"href":"https:\/\/spawellnessvenlo.nl\/de\/wp-json\/wp\/v2\/comments?post=12112"}],"version-history":[{"count":5,"href":"https:\/\/spawellnessvenlo.nl\/de\/wp-json\/wp\/v2\/pages\/12112\/revisions"}],"predecessor-version":[{"id":12508,"href":"https:\/\/spawellnessvenlo.nl\/de\/wp-json\/wp\/v2\/pages\/12112\/revisions\/12508"}],"up":[{"embeddable":true,"href":"https:\/\/spawellnessvenlo.nl\/de\/wp-json\/wp\/v2\/pages\/11886"}],"wp:attachment":[{"href":"https:\/\/spawellnessvenlo.nl\/de\/wp-json\/wp\/v2\/media?parent=12112"}],"curies":[{"name":"wp","href":"https:\/\/api.w.org\/{rel}","templated":true}]}}